{"id":9565,"date":"2024-09-13T15:17:28","date_gmt":"2024-09-13T13:17:28","guid":{"rendered":"https:\/\/www.inolians.com\/?page_id=9565"},"modified":"2024-09-27T16:26:13","modified_gmt":"2024-09-27T14:26:13","slug":"nos-forces-et-nos-atouts","status":"publish","type":"page","link":"https:\/\/www.inolians.com\/index.php\/nos-forces-et-nos-atouts\/","title":{"rendered":"Nos forces et nos atouts"},"content":{"rendered":"\t\t<div data-elementor-type=\"wp-page\" data-elementor-id=\"9565\" class=\"elementor elementor-9565\" data-elementor-post-type=\"page\">\n\t\t\t\t<div class=\"elementor-element elementor-element-b4ae1ae e-flex e-con-boxed e-con e-parent\" data-id=\"b4ae1ae\" data-element_type=\"container\" data-e-type=\"container\" data-settings=\"{&quot;background_background&quot;:&quot;classic&quot;}\">\n\t\t\t\t\t<div class=\"e-con-inner\">\n\t\t\t\t<div class=\"elementor-element elementor-element-c70230a elementor-widget elementor-widget-text-editor\" data-id=\"c70230a\" data-element_type=\"widget\" data-e-type=\"widget\" data-widget_type=\"text-editor.default\">\n\t\t\t\t<div class=\"elementor-widget-container\">\n\t\t\t\t\t\t\t\t\t<p>NOUS CONNA<span class=\"BxUVEf ILfuVd\" lang=\"fr\"><span class=\"hgKElc\"><b>\u00ce<\/b><\/span><\/span>RE<\/p>\t\t\t\t\t\t\t\t<\/div>\n\t\t\t\t<\/div>\n\t\t\t\t\t<\/div>\n\t\t\t\t<\/div>\n\t\t<div class=\"elementor-element elementor-element-2c36fc5 e-flex e-con-boxed e-con e-parent\" data-id=\"2c36fc5\" data-element_type=\"container\" data-e-type=\"container\" data-settings=\"{&quot;background_background&quot;:&quot;classic&quot;}\">\n\t\t\t\t\t<div class=\"e-con-inner\">\n\t\t\t\t<div class=\"elementor-element elementor-element-6e5148d elementor-widget elementor-widget-heading\" data-id=\"6e5148d\" data-element_type=\"widget\" data-e-type=\"widget\" data-widget_type=\"heading.default\">\n\t\t\t\t<div class=\"elementor-widget-container\">\n\t\t\t\t\t<h2 class=\"elementor-heading-title elementor-size-default\">Nos forces et nos atouts <\/h2>\t\t\t\t<\/div>\n\t\t\t\t<\/div>\n\t\t\t\t\t<\/div>\n\t\t\t\t<\/div>\n\t\t<div class=\"elementor-element elementor-element-b1fa1e6 e-flex e-con-boxed e-con e-parent\" data-id=\"b1fa1e6\" data-element_type=\"container\" data-e-type=\"container\">\n\t\t\t\t\t<div class=\"e-con-inner\">\n\t\t\t\t<div class=\"elementor-element elementor-element-0f97a50 elementor-widget elementor-widget-text-editor\" data-id=\"0f97a50\" data-element_type=\"widget\" data-e-type=\"widget\" data-widget_type=\"text-editor.default\">\n\t\t\t\t<div class=\"elementor-widget-container\">\n\t\t\t\t\t\t\t\t\t<p>L\u2019ind\u00e9pendance technologique est l\u2019un des engagements fondamentaux d\u2019INOLIANS. Cet engagement assure l\u2019impartialit\u00e9 et l\u2019objectivit\u00e9 de nos recommandations, permettant \u00e0 nos clients de b\u00e9n\u00e9ficier de conseils r\u00e9ellement adapt\u00e9s \u00e0 leurs besoins, sans influence d\u2019int\u00e9r\u00eats tiers.<\/p><p>INOLIANS dispose d\u2019une expertise pluridisciplinaire largement reconnue, que ce soit dans les domaines m\u00e9tier ou technologique. Nos consultants poss\u00e8dent une vision globale et transversale des syst\u00e8mes d\u2019information, d\u00e9velopp\u00e9e au travers de nombreux projets d\u2019envergure. Cette approche multidimensionnelle nous permet d\u2019aborder des probl\u00e9matiques aussi bien m\u00e9tier que fonctionnelles, architecturales, applicatives ou organisationnelles, en proposant des solutions compl\u00e8tes et adapt\u00e9es \u00e0 chaque contexte.<\/p><p>Notre engagement va au-del\u00e0 de la simple ex\u00e9cution des missions. Nous mettons un point d\u2019honneur \u00e0 rester \u00e0 la pointe de l\u2019innovation \u00e0 travers une veille constante sur les \u00e9volutions technologiques et m\u00e9thodologiques. Nos connaissances, r\u00e9guli\u00e8rement actualis\u00e9es, sont partag\u00e9es avec nos clients tout au long des missions, favorisant des \u00e9changes enrichissants et une relation de partenariat \u00e0 long terme. C\u2019est cette richesse d\u2019expertise et de dialogue qui constitue la v\u00e9ritable valeur ajout\u00e9e d\u2019INOLIANS pour ses clients.<\/p>\t\t\t\t\t\t\t\t<\/div>\n\t\t\t\t<\/div>\n\t\t\t\t\t<\/div>\n\t\t\t\t<\/div>\n\t\t\t\t<\/div>\n\t\t","protected":false},"excerpt":{"rendered":"<p>NOUS CONNA\u00ceRE Nos forces et nos atouts L\u2019ind\u00e9pendance technologique est l\u2019un des engagements fondamentaux d\u2019INOLIANS. Cet engagement assure l\u2019impartialit\u00e9 et l\u2019objectivit\u00e9 de nos recommandations, permettant \u00e0 nos clients de b\u00e9n\u00e9ficier de conseils r\u00e9ellement adapt\u00e9s \u00e0 leurs besoins, sans influence d\u2019int\u00e9r\u00eats tiers. INOLIANS dispose d\u2019une expertise pluridisciplinaire largement reconnue, que ce soit dans les domaines m\u00e9tier [&hellip;]<\/p>\n","protected":false},"author":1,"featured_media":0,"parent":0,"menu_order":0,"comment_status":"closed","ping_status":"closed","template":"","meta":{"_monsterinsights_skip_tracking":false,"_monsterinsights_sitenote_active":false,"_monsterinsights_sitenote_note":"","_monsterinsights_sitenote_category":0,"footnotes":""},"class_list":["post-9565","page","type-page","status-publish","hentry"],"blocksy_meta":[],"yoast_head":"<!-- This site is optimized with the Yoast SEO plugin v27.5 - https:\/\/yoast.com\/product\/yoast-seo-wordpress\/ -->\n<title>Nos forces et nos atouts - INOLIANS<\/title>\n<meta name=\"robots\" content=\"index, follow, max-snippet:-1, max-image-preview:large, max-video-preview:-1\" \/>\n<link rel=\"canonical\" href=\"https:\/\/www.inolians.com\/index.php\/nos-forces-et-nos-atouts\/\" \/>\n<meta property=\"og:locale\" content=\"fr_FR\" \/>\n<meta property=\"og:type\" content=\"article\" \/>\n<meta property=\"og:title\" content=\"Nos forces et nos atouts - INOLIANS\" \/>\n<meta property=\"og:description\" content=\"NOUS CONNA\u00ceRE Nos forces et nos atouts L\u2019ind\u00e9pendance technologique est l\u2019un des engagements fondamentaux d\u2019INOLIANS. Cet engagement assure l\u2019impartialit\u00e9 et l\u2019objectivit\u00e9 de nos recommandations, permettant \u00e0 nos clients de b\u00e9n\u00e9ficier de conseils r\u00e9ellement adapt\u00e9s \u00e0 leurs besoins, sans influence d\u2019int\u00e9r\u00eats tiers. INOLIANS dispose d\u2019une expertise pluridisciplinaire largement reconnue, que ce soit dans les domaines m\u00e9tier [&hellip;]\" \/>\n<meta property=\"og:url\" content=\"https:\/\/www.inolians.com\/index.php\/nos-forces-et-nos-atouts\/\" \/>\n<meta property=\"og:site_name\" content=\"INOLIANS\" \/>\n<meta property=\"article:modified_time\" content=\"2024-09-27T14:26:13+00:00\" \/>\n<meta name=\"twitter:card\" content=\"summary_large_image\" \/>\n<meta name=\"twitter:label1\" content=\"Dur\u00e9e de lecture estim\u00e9e\" \/>\n\t<meta name=\"twitter:data1\" content=\"1 minute\" \/>\n<script type=\"application\/ld+json\" class=\"yoast-schema-graph\">{\"@context\":\"https:\\\/\\\/schema.org\",\"@graph\":[{\"@type\":\"WebPage\",\"@id\":\"https:\\\/\\\/www.inolians.com\\\/index.php\\\/nos-forces-et-nos-atouts\\\/\",\"url\":\"https:\\\/\\\/www.inolians.com\\\/index.php\\\/nos-forces-et-nos-atouts\\\/\",\"name\":\"Nos forces et nos atouts - INOLIANS\",\"isPartOf\":{\"@id\":\"https:\\\/\\\/www.inolians.com\\\/#website\"},\"datePublished\":\"2024-09-13T13:17:28+00:00\",\"dateModified\":\"2024-09-27T14:26:13+00:00\",\"breadcrumb\":{\"@id\":\"https:\\\/\\\/www.inolians.com\\\/index.php\\\/nos-forces-et-nos-atouts\\\/#breadcrumb\"},\"inLanguage\":\"fr-FR\",\"potentialAction\":[{\"@type\":\"ReadAction\",\"target\":[\"https:\\\/\\\/www.inolians.com\\\/index.php\\\/nos-forces-et-nos-atouts\\\/\"]}]},{\"@type\":\"BreadcrumbList\",\"@id\":\"https:\\\/\\\/www.inolians.com\\\/index.php\\\/nos-forces-et-nos-atouts\\\/#breadcrumb\",\"itemListElement\":[{\"@type\":\"ListItem\",\"position\":1,\"name\":\"Accueil\",\"item\":\"https:\\\/\\\/www.inolians.com\\\/\"},{\"@type\":\"ListItem\",\"position\":2,\"name\":\"Nos forces et nos atouts\"}]},{\"@type\":\"WebSite\",\"@id\":\"https:\\\/\\\/www.inolians.com\\\/#website\",\"url\":\"https:\\\/\\\/www.inolians.com\\\/\",\"name\":\"INOLIANS\",\"description\":\"Conseil op\u00e9rationnel | Gestion de projet | Solutions S.I\",\"publisher\":{\"@id\":\"https:\\\/\\\/www.inolians.com\\\/#organization\"},\"potentialAction\":[{\"@type\":\"SearchAction\",\"target\":{\"@type\":\"EntryPoint\",\"urlTemplate\":\"https:\\\/\\\/www.inolians.com\\\/?s={search_term_string}\"},\"query-input\":{\"@type\":\"PropertyValueSpecification\",\"valueRequired\":true,\"valueName\":\"search_term_string\"}}],\"inLanguage\":\"fr-FR\"},{\"@type\":\"Organization\",\"@id\":\"https:\\\/\\\/www.inolians.com\\\/#organization\",\"name\":\"INOLIANS\",\"url\":\"https:\\\/\\\/www.inolians.com\\\/\",\"logo\":{\"@type\":\"ImageObject\",\"inLanguage\":\"fr-FR\",\"@id\":\"https:\\\/\\\/www.inolians.com\\\/#\\\/schema\\\/logo\\\/image\\\/\",\"url\":\"https:\\\/\\\/www.inolians.com\\\/wp-content\\\/uploads\\\/2024\\\/05\\\/LOGOS-INOLIANS12-1.png\",\"contentUrl\":\"https:\\\/\\\/www.inolians.com\\\/wp-content\\\/uploads\\\/2024\\\/05\\\/LOGOS-INOLIANS12-1.png\",\"width\":990,\"height\":663,\"caption\":\"INOLIANS\"},\"image\":{\"@id\":\"https:\\\/\\\/www.inolians.com\\\/#\\\/schema\\\/logo\\\/image\\\/\"}}]}<\/script>\n<!-- \/ Yoast SEO plugin. -->","yoast_head_json":{"title":"Nos forces et nos atouts - INOLIANS","robots":{"index":"index","follow":"follow","max-snippet":"max-snippet:-1","max-image-preview":"max-image-preview:large","max-video-preview":"max-video-preview:-1"},"canonical":"https:\/\/www.inolians.com\/index.php\/nos-forces-et-nos-atouts\/","og_locale":"fr_FR","og_type":"article","og_title":"Nos forces et nos atouts - INOLIANS","og_description":"NOUS CONNA\u00ceRE Nos forces et nos atouts L\u2019ind\u00e9pendance technologique est l\u2019un des engagements fondamentaux d\u2019INOLIANS. Cet engagement assure l\u2019impartialit\u00e9 et l\u2019objectivit\u00e9 de nos recommandations, permettant \u00e0 nos clients de b\u00e9n\u00e9ficier de conseils r\u00e9ellement adapt\u00e9s \u00e0 leurs besoins, sans influence d\u2019int\u00e9r\u00eats tiers. INOLIANS dispose d\u2019une expertise pluridisciplinaire largement reconnue, que ce soit dans les domaines m\u00e9tier [&hellip;]","og_url":"https:\/\/www.inolians.com\/index.php\/nos-forces-et-nos-atouts\/","og_site_name":"INOLIANS","article_modified_time":"2024-09-27T14:26:13+00:00","twitter_card":"summary_large_image","twitter_misc":{"Dur\u00e9e de lecture estim\u00e9e":"1 minute"},"schema":{"@context":"https:\/\/schema.org","@graph":[{"@type":"WebPage","@id":"https:\/\/www.inolians.com\/index.php\/nos-forces-et-nos-atouts\/","url":"https:\/\/www.inolians.com\/index.php\/nos-forces-et-nos-atouts\/","name":"Nos forces et nos atouts - INOLIANS","isPartOf":{"@id":"https:\/\/www.inolians.com\/#website"},"datePublished":"2024-09-13T13:17:28+00:00","dateModified":"2024-09-27T14:26:13+00:00","breadcrumb":{"@id":"https:\/\/www.inolians.com\/index.php\/nos-forces-et-nos-atouts\/#breadcrumb"},"inLanguage":"fr-FR","potentialAction":[{"@type":"ReadAction","target":["https:\/\/www.inolians.com\/index.php\/nos-forces-et-nos-atouts\/"]}]},{"@type":"BreadcrumbList","@id":"https:\/\/www.inolians.com\/index.php\/nos-forces-et-nos-atouts\/#breadcrumb","itemListElement":[{"@type":"ListItem","position":1,"name":"Accueil","item":"https:\/\/www.inolians.com\/"},{"@type":"ListItem","position":2,"name":"Nos forces et nos atouts"}]},{"@type":"WebSite","@id":"https:\/\/www.inolians.com\/#website","url":"https:\/\/www.inolians.com\/","name":"INOLIANS","description":"Conseil op\u00e9rationnel | Gestion de projet | Solutions S.I","publisher":{"@id":"https:\/\/www.inolians.com\/#organization"},"potentialAction":[{"@type":"SearchAction","target":{"@type":"EntryPoint","urlTemplate":"https:\/\/www.inolians.com\/?s={search_term_string}"},"query-input":{"@type":"PropertyValueSpecification","valueRequired":true,"valueName":"search_term_string"}}],"inLanguage":"fr-FR"},{"@type":"Organization","@id":"https:\/\/www.inolians.com\/#organization","name":"INOLIANS","url":"https:\/\/www.inolians.com\/","logo":{"@type":"ImageObject","inLanguage":"fr-FR","@id":"https:\/\/www.inolians.com\/#\/schema\/logo\/image\/","url":"https:\/\/www.inolians.com\/wp-content\/uploads\/2024\/05\/LOGOS-INOLIANS12-1.png","contentUrl":"https:\/\/www.inolians.com\/wp-content\/uploads\/2024\/05\/LOGOS-INOLIANS12-1.png","width":990,"height":663,"caption":"INOLIANS"},"image":{"@id":"https:\/\/www.inolians.com\/#\/schema\/logo\/image\/"}}]}},"_links":{"self":[{"href":"https:\/\/www.inolians.com\/index.php\/wp-json\/wp\/v2\/pages\/9565","targetHints":{"allow":["GET"]}}],"collection":[{"href":"https:\/\/www.inolians.com\/index.php\/wp-json\/wp\/v2\/pages"}],"about":[{"href":"https:\/\/www.inolians.com\/index.php\/wp-json\/wp\/v2\/types\/page"}],"author":[{"embeddable":true,"href":"https:\/\/www.inolians.com\/index.php\/wp-json\/wp\/v2\/users\/1"}],"replies":[{"embeddable":true,"href":"https:\/\/www.inolians.com\/index.php\/wp-json\/wp\/v2\/comments?post=9565"}],"version-history":[{"count":22,"href":"https:\/\/www.inolians.com\/index.php\/wp-json\/wp\/v2\/pages\/9565\/revisions"}],"predecessor-version":[{"id":9751,"href":"https:\/\/www.inolians.com\/index.php\/wp-json\/wp\/v2\/pages\/9565\/revisions\/9751"}],"wp:attachment":[{"href":"https:\/\/www.inolians.com\/index.php\/wp-json\/wp\/v2\/media?parent=9565"}],"curies":[{"name":"wp","href":"https:\/\/api.w.org\/{rel}","templated":true}]}}