{"id":9563,"date":"2024-09-13T15:16:54","date_gmt":"2024-09-13T13:16:54","guid":{"rendered":"https:\/\/www.inolians.com\/?page_id=9563"},"modified":"2024-09-27T16:25:20","modified_gmt":"2024-09-27T14:25:20","slug":"notre-histoire-2","status":"publish","type":"page","link":"https:\/\/www.inolians.com\/index.php\/notre-histoire-2\/","title":{"rendered":"Notre histoire"},"content":{"rendered":"\t\t<div data-elementor-type=\"wp-page\" data-elementor-id=\"9563\" class=\"elementor elementor-9563\" data-elementor-post-type=\"page\">\n\t\t\t\t<div class=\"elementor-element elementor-element-e807ca7 e-flex e-con-boxed e-con e-parent\" data-id=\"e807ca7\" data-element_type=\"container\" data-e-type=\"container\" data-settings=\"{&quot;background_background&quot;:&quot;classic&quot;}\">\n\t\t\t\t\t<div class=\"e-con-inner\">\n\t\t\t\t<div class=\"elementor-element elementor-element-f2d2593 elementor-widget elementor-widget-text-editor\" data-id=\"f2d2593\" data-element_type=\"widget\" data-e-type=\"widget\" data-widget_type=\"text-editor.default\">\n\t\t\t\t<div class=\"elementor-widget-container\">\n\t\t\t\t\t\t\t\t\t<p>NOUS CONNA<span class=\"BxUVEf ILfuVd\" lang=\"fr\"><span class=\"hgKElc\"><b>\u00ce<\/b><\/span><\/span>RE<\/p>\t\t\t\t\t\t\t\t<\/div>\n\t\t\t\t<\/div>\n\t\t\t\t\t<\/div>\n\t\t\t\t<\/div>\n\t\t<div class=\"elementor-element elementor-element-b73d75f e-flex e-con-boxed e-con e-parent\" data-id=\"b73d75f\" data-element_type=\"container\" data-e-type=\"container\" data-settings=\"{&quot;background_background&quot;:&quot;classic&quot;}\">\n\t\t\t\t\t<div class=\"e-con-inner\">\n\t\t\t\t<div class=\"elementor-element elementor-element-cddd03c elementor-widget elementor-widget-heading\" data-id=\"cddd03c\" data-element_type=\"widget\" data-e-type=\"widget\" data-widget_type=\"heading.default\">\n\t\t\t\t<div class=\"elementor-widget-container\">\n\t\t\t\t\t<h2 class=\"elementor-heading-title elementor-size-default\">Notre histoire <\/h2>\t\t\t\t<\/div>\n\t\t\t\t<\/div>\n\t\t\t\t\t<\/div>\n\t\t\t\t<\/div>\n\t\t<div class=\"elementor-element elementor-element-6794a68 e-flex e-con-boxed e-con e-parent\" data-id=\"6794a68\" data-element_type=\"container\" data-e-type=\"container\">\n\t\t\t\t\t<div class=\"e-con-inner\">\n\t\t\t\t<div class=\"elementor-element elementor-element-bb1db9d elementor-widget elementor-widget-text-editor\" data-id=\"bb1db9d\" data-element_type=\"widget\" data-e-type=\"widget\" data-widget_type=\"text-editor.default\">\n\t\t\t\t<div class=\"elementor-widget-container\">\n\t\t\t\t\t\t\t\t\t<p>Situ\u00e9 dans le 17\u00e8me arrondissement , INOLIANS a vu le jour en 2012. Depuis sa cr\u00e9ation, l\u2019entreprise a su \u00e9voluer et se positionner comme un acteur cl\u00e9 dans son domaine. Nous proposons \u00e0 nos clients un accompagnement personnalis\u00e9 en conseil op\u00e9rationnel, ainsi que des solutions adapt\u00e9es dans le domaine des technologies de l\u2019information et de la transformation digitale.<br \/>\u00a0<br \/>Inolians \u00e9quipe se compose d\u2019une dizaine de consultants, ing\u00e9nieurs et experts, qui s\u2019appuient sur leur solide exp\u00e9rience et expertise technique. Nous collaborons \u00e9galement avec un r\u00e9seau de partenaires sp\u00e9cialis\u00e9s, des experts externes, qui interviennent r\u00e9guli\u00e8rement sur des missions sp\u00e9cifiques afin de renforcer l\u2019offre de services de l\u2019entreprise.<\/p>\t\t\t\t\t\t\t\t<\/div>\n\t\t\t\t<\/div>\n\t\t\t\t\t<\/div>\n\t\t\t\t<\/div>\n\t\t\t\t<\/div>\n\t\t","protected":false},"excerpt":{"rendered":"<p>NOUS CONNA\u00ceRE Notre histoire Situ\u00e9 dans le 17\u00e8me arrondissement , INOLIANS a vu le jour en 2012. Depuis sa cr\u00e9ation, l\u2019entreprise a su \u00e9voluer et se positionner comme un acteur cl\u00e9 dans son domaine. Nous proposons \u00e0 nos clients un accompagnement personnalis\u00e9 en conseil op\u00e9rationnel, ainsi que des solutions adapt\u00e9es dans le domaine des technologies [&hellip;]<\/p>\n","protected":false},"author":1,"featured_media":0,"parent":0,"menu_order":0,"comment_status":"closed","ping_status":"closed","template":"","meta":{"_monsterinsights_skip_tracking":false,"_monsterinsights_sitenote_active":false,"_monsterinsights_sitenote_note":"","_monsterinsights_sitenote_category":0,"footnotes":""},"class_list":["post-9563","page","type-page","status-publish","hentry"],"blocksy_meta":[],"yoast_head":"<!-- This site is optimized with the Yoast SEO plugin v27.5 - https:\/\/yoast.com\/product\/yoast-seo-wordpress\/ -->\n<title>Notre histoire - INOLIANS<\/title>\n<meta name=\"robots\" content=\"index, follow, max-snippet:-1, max-image-preview:large, max-video-preview:-1\" \/>\n<link rel=\"canonical\" href=\"https:\/\/www.inolians.com\/index.php\/notre-histoire-2\/\" \/>\n<meta property=\"og:locale\" content=\"fr_FR\" \/>\n<meta property=\"og:type\" content=\"article\" \/>\n<meta property=\"og:title\" content=\"Notre histoire - INOLIANS\" \/>\n<meta property=\"og:description\" content=\"NOUS CONNA\u00ceRE Notre histoire Situ\u00e9 dans le 17\u00e8me arrondissement , INOLIANS a vu le jour en 2012. Depuis sa cr\u00e9ation, l\u2019entreprise a su \u00e9voluer et se positionner comme un acteur cl\u00e9 dans son domaine. Nous proposons \u00e0 nos clients un accompagnement personnalis\u00e9 en conseil op\u00e9rationnel, ainsi que des solutions adapt\u00e9es dans le domaine des technologies [&hellip;]\" \/>\n<meta property=\"og:url\" content=\"https:\/\/www.inolians.com\/index.php\/notre-histoire-2\/\" \/>\n<meta property=\"og:site_name\" content=\"INOLIANS\" \/>\n<meta property=\"article:modified_time\" content=\"2024-09-27T14:25:20+00:00\" \/>\n<meta name=\"twitter:card\" content=\"summary_large_image\" \/>\n<meta name=\"twitter:label1\" content=\"Dur\u00e9e de lecture estim\u00e9e\" \/>\n\t<meta name=\"twitter:data1\" content=\"1 minute\" \/>\n<script type=\"application\/ld+json\" class=\"yoast-schema-graph\">{\"@context\":\"https:\\\/\\\/schema.org\",\"@graph\":[{\"@type\":\"WebPage\",\"@id\":\"https:\\\/\\\/www.inolians.com\\\/index.php\\\/notre-histoire-2\\\/\",\"url\":\"https:\\\/\\\/www.inolians.com\\\/index.php\\\/notre-histoire-2\\\/\",\"name\":\"Notre histoire - INOLIANS\",\"isPartOf\":{\"@id\":\"https:\\\/\\\/www.inolians.com\\\/#website\"},\"datePublished\":\"2024-09-13T13:16:54+00:00\",\"dateModified\":\"2024-09-27T14:25:20+00:00\",\"breadcrumb\":{\"@id\":\"https:\\\/\\\/www.inolians.com\\\/index.php\\\/notre-histoire-2\\\/#breadcrumb\"},\"inLanguage\":\"fr-FR\",\"potentialAction\":[{\"@type\":\"ReadAction\",\"target\":[\"https:\\\/\\\/www.inolians.com\\\/index.php\\\/notre-histoire-2\\\/\"]}]},{\"@type\":\"BreadcrumbList\",\"@id\":\"https:\\\/\\\/www.inolians.com\\\/index.php\\\/notre-histoire-2\\\/#breadcrumb\",\"itemListElement\":[{\"@type\":\"ListItem\",\"position\":1,\"name\":\"Accueil\",\"item\":\"https:\\\/\\\/www.inolians.com\\\/\"},{\"@type\":\"ListItem\",\"position\":2,\"name\":\"Notre histoire\"}]},{\"@type\":\"WebSite\",\"@id\":\"https:\\\/\\\/www.inolians.com\\\/#website\",\"url\":\"https:\\\/\\\/www.inolians.com\\\/\",\"name\":\"INOLIANS\",\"description\":\"Conseil op\u00e9rationnel | Gestion de projet | Solutions S.I\",\"publisher\":{\"@id\":\"https:\\\/\\\/www.inolians.com\\\/#organization\"},\"potentialAction\":[{\"@type\":\"SearchAction\",\"target\":{\"@type\":\"EntryPoint\",\"urlTemplate\":\"https:\\\/\\\/www.inolians.com\\\/?s={search_term_string}\"},\"query-input\":{\"@type\":\"PropertyValueSpecification\",\"valueRequired\":true,\"valueName\":\"search_term_string\"}}],\"inLanguage\":\"fr-FR\"},{\"@type\":\"Organization\",\"@id\":\"https:\\\/\\\/www.inolians.com\\\/#organization\",\"name\":\"INOLIANS\",\"url\":\"https:\\\/\\\/www.inolians.com\\\/\",\"logo\":{\"@type\":\"ImageObject\",\"inLanguage\":\"fr-FR\",\"@id\":\"https:\\\/\\\/www.inolians.com\\\/#\\\/schema\\\/logo\\\/image\\\/\",\"url\":\"https:\\\/\\\/www.inolians.com\\\/wp-content\\\/uploads\\\/2024\\\/05\\\/LOGOS-INOLIANS12-1.png\",\"contentUrl\":\"https:\\\/\\\/www.inolians.com\\\/wp-content\\\/uploads\\\/2024\\\/05\\\/LOGOS-INOLIANS12-1.png\",\"width\":990,\"height\":663,\"caption\":\"INOLIANS\"},\"image\":{\"@id\":\"https:\\\/\\\/www.inolians.com\\\/#\\\/schema\\\/logo\\\/image\\\/\"}}]}<\/script>\n<!-- \/ Yoast SEO plugin. -->","yoast_head_json":{"title":"Notre histoire - INOLIANS","robots":{"index":"index","follow":"follow","max-snippet":"max-snippet:-1","max-image-preview":"max-image-preview:large","max-video-preview":"max-video-preview:-1"},"canonical":"https:\/\/www.inolians.com\/index.php\/notre-histoire-2\/","og_locale":"fr_FR","og_type":"article","og_title":"Notre histoire - INOLIANS","og_description":"NOUS CONNA\u00ceRE Notre histoire Situ\u00e9 dans le 17\u00e8me arrondissement , INOLIANS a vu le jour en 2012. Depuis sa cr\u00e9ation, l\u2019entreprise a su \u00e9voluer et se positionner comme un acteur cl\u00e9 dans son domaine. Nous proposons \u00e0 nos clients un accompagnement personnalis\u00e9 en conseil op\u00e9rationnel, ainsi que des solutions adapt\u00e9es dans le domaine des technologies [&hellip;]","og_url":"https:\/\/www.inolians.com\/index.php\/notre-histoire-2\/","og_site_name":"INOLIANS","article_modified_time":"2024-09-27T14:25:20+00:00","twitter_card":"summary_large_image","twitter_misc":{"Dur\u00e9e de lecture estim\u00e9e":"1 minute"},"schema":{"@context":"https:\/\/schema.org","@graph":[{"@type":"WebPage","@id":"https:\/\/www.inolians.com\/index.php\/notre-histoire-2\/","url":"https:\/\/www.inolians.com\/index.php\/notre-histoire-2\/","name":"Notre histoire - INOLIANS","isPartOf":{"@id":"https:\/\/www.inolians.com\/#website"},"datePublished":"2024-09-13T13:16:54+00:00","dateModified":"2024-09-27T14:25:20+00:00","breadcrumb":{"@id":"https:\/\/www.inolians.com\/index.php\/notre-histoire-2\/#breadcrumb"},"inLanguage":"fr-FR","potentialAction":[{"@type":"ReadAction","target":["https:\/\/www.inolians.com\/index.php\/notre-histoire-2\/"]}]},{"@type":"BreadcrumbList","@id":"https:\/\/www.inolians.com\/index.php\/notre-histoire-2\/#breadcrumb","itemListElement":[{"@type":"ListItem","position":1,"name":"Accueil","item":"https:\/\/www.inolians.com\/"},{"@type":"ListItem","position":2,"name":"Notre histoire"}]},{"@type":"WebSite","@id":"https:\/\/www.inolians.com\/#website","url":"https:\/\/www.inolians.com\/","name":"INOLIANS","description":"Conseil op\u00e9rationnel | Gestion de projet | Solutions S.I","publisher":{"@id":"https:\/\/www.inolians.com\/#organization"},"potentialAction":[{"@type":"SearchAction","target":{"@type":"EntryPoint","urlTemplate":"https:\/\/www.inolians.com\/?s={search_term_string}"},"query-input":{"@type":"PropertyValueSpecification","valueRequired":true,"valueName":"search_term_string"}}],"inLanguage":"fr-FR"},{"@type":"Organization","@id":"https:\/\/www.inolians.com\/#organization","name":"INOLIANS","url":"https:\/\/www.inolians.com\/","logo":{"@type":"ImageObject","inLanguage":"fr-FR","@id":"https:\/\/www.inolians.com\/#\/schema\/logo\/image\/","url":"https:\/\/www.inolians.com\/wp-content\/uploads\/2024\/05\/LOGOS-INOLIANS12-1.png","contentUrl":"https:\/\/www.inolians.com\/wp-content\/uploads\/2024\/05\/LOGOS-INOLIANS12-1.png","width":990,"height":663,"caption":"INOLIANS"},"image":{"@id":"https:\/\/www.inolians.com\/#\/schema\/logo\/image\/"}}]}},"_links":{"self":[{"href":"https:\/\/www.inolians.com\/index.php\/wp-json\/wp\/v2\/pages\/9563","targetHints":{"allow":["GET"]}}],"collection":[{"href":"https:\/\/www.inolians.com\/index.php\/wp-json\/wp\/v2\/pages"}],"about":[{"href":"https:\/\/www.inolians.com\/index.php\/wp-json\/wp\/v2\/types\/page"}],"author":[{"embeddable":true,"href":"https:\/\/www.inolians.com\/index.php\/wp-json\/wp\/v2\/users\/1"}],"replies":[{"embeddable":true,"href":"https:\/\/www.inolians.com\/index.php\/wp-json\/wp\/v2\/comments?post=9563"}],"version-history":[{"count":31,"href":"https:\/\/www.inolians.com\/index.php\/wp-json\/wp\/v2\/pages\/9563\/revisions"}],"predecessor-version":[{"id":9748,"href":"https:\/\/www.inolians.com\/index.php\/wp-json\/wp\/v2\/pages\/9563\/revisions\/9748"}],"wp:attachment":[{"href":"https:\/\/www.inolians.com\/index.php\/wp-json\/wp\/v2\/media?parent=9563"}],"curies":[{"name":"wp","href":"https:\/\/api.w.org\/{rel}","templated":true}]}}