{"id":5947,"date":"2020-08-14T14:29:45","date_gmt":"2020-08-14T14:29:45","guid":{"rendered":"https:\/\/startersites.io\/blocksy\/business\/?page_id=9"},"modified":"2024-10-09T14:49:51","modified_gmt":"2024-10-09T12:49:51","slug":"accueil","status":"publish","type":"page","link":"https:\/\/www.inolians.com\/","title":{"rendered":"Accueil"},"content":{"rendered":"\t\t<div data-elementor-type=\"wp-page\" data-elementor-id=\"5947\" class=\"elementor elementor-5947\" data-elementor-post-type=\"page\">\n\t\t\t\t<div class=\"elementor-element elementor-element-aaf762b e-con-full e-flex e-con e-parent\" data-id=\"aaf762b\" data-element_type=\"container\" data-e-type=\"container\" data-settings=\"{&quot;background_background&quot;:&quot;slideshow&quot;,&quot;background_slideshow_gallery&quot;:[{&quot;id&quot;:4996,&quot;url&quot;:&quot;https:\\\/\\\/www.inolians.com\\\/wp-content\\\/uploads\\\/2024\\\/05\\\/Design-sans-titre6-1.png&quot;}],&quot;background_slideshow_loop&quot;:&quot;yes&quot;,&quot;background_slideshow_slide_duration&quot;:5000,&quot;background_slideshow_slide_transition&quot;:&quot;fade&quot;,&quot;background_slideshow_transition_duration&quot;:500}\">\n\t\t\t\t<div class=\"elementor-element elementor-element-9416f78 elementor-widget__width-inherit elementor-widget elementor-widget-heading\" data-id=\"9416f78\" data-element_type=\"widget\" data-e-type=\"widget\" data-widget_type=\"heading.default\">\n\t\t\t\t<div class=\"elementor-widget-container\">\n\t\t\t\t\t<h2 class=\"elementor-heading-title elementor-size-default\">services et solutions pour le S.I et la transformation digitale<\/h2>\t\t\t\t<\/div>\n\t\t\t\t<\/div>\n\t\t\t\t<\/div>\n\t\t<div class=\"elementor-element elementor-element-5506c68 e-flex e-con-boxed e-con e-parent\" data-id=\"5506c68\" data-element_type=\"container\" data-e-type=\"container\" data-settings=\"{&quot;background_background&quot;:&quot;classic&quot;}\">\n\t\t\t\t\t<div class=\"e-con-inner\">\n\t\t\t\t<div class=\"elementor-element elementor-element-a8bd12f elementor-widget-mobile__width-inherit elementor-widget elementor-widget-heading\" data-id=\"a8bd12f\" data-element_type=\"widget\" data-e-type=\"widget\" data-widget_type=\"heading.default\">\n\t\t\t\t<div class=\"elementor-widget-container\">\n\t\t\t\t\t<h2 class=\"elementor-heading-title elementor-size-default\">INOLIANS vous accompagne<\/h2>\t\t\t\t<\/div>\n\t\t\t\t<\/div>\n\t\t\t\t\t<\/div>\n\t\t\t\t<\/div>\n\t\t<div class=\"elementor-element elementor-element-958c4e4 e-con-full e-flex e-con e-parent\" data-id=\"958c4e4\" data-element_type=\"container\" data-e-type=\"container\" data-settings=\"{&quot;background_background&quot;:&quot;classic&quot;}\">\n\t\t\t\t<div class=\"elementor-element elementor-element-6d12a3e elementor-widget__width-initial elementor-widget elementor-widget-html\" data-id=\"6d12a3e\" data-element_type=\"widget\" data-e-type=\"widget\" data-widget_type=\"html.default\">\n\t\t\t\t<div class=\"elementor-widget-container\">\n\t\t\t\t\t<head>\r\n    <style>\r\n        body {\r\n            margin: 0;\r\n            font-family: Arial, sans-serif;\r\n            width: 100%;\r\n        }\r\n\r\n        .container {\r\n            position: relative;\r\n            padding-top: 100px;\r\n            width: 100%;\r\n            display: flex;\r\n            justify-content: center; \r\n            align-items: center;\r\n            \r\n        }\r\n\r\n        .card-grid {\r\n            display: grid;\r\n            \r\n            gap: 20px;\r\n            row-gap: 40px;\r\n            position: relative;\r\n            top: -50px;\r\n            \r\n            max-width: 100%;\r\n            \r\n            \r\n        }\r\n\r\n        .card {\r\n            background-color: white;\r\n            border-radius: 8px;\r\n            overflow: hidden;\r\n            box-shadow: 0 4px 8px rgba(0, 0, 0, 0.1);\r\n            display: flex;\r\n            flex-direction: column;\r\n            justify-content: space-between;\r\n        }\r\n\r\n        .card img {\r\n            width: 100%;\r\n            height: 100%;\r\n            object-fit: cover;\r\n        }\r\n\r\n        .card-button {\r\n            background-color: #1E4D79;\r\n            color: white;\r\n            border: none;\r\n            padding: 10px;\r\n            cursor: pointer;\r\n            width: 100%;\r\n            text-align: center;\r\n            font-size: 16px;\r\n            text-decoration: none; \r\n            display: block; \r\n        }\r\n\r\n        .card-button:hover {\r\n            background-color: #DEE3E5;\r\n            color: #1E4D79;\r\n        }\r\n        @media (min-width: 1400px) {\r\n            .card-grid {\r\n                grid-template-columns: repeat(3, 32%);\r\n            }\r\n            .card {\r\n                height: 400px; width: 400px\r\n            }\r\n            .card-button {\r\n                font-size: 16px; \r\n            }\r\n            .container {\r\n                \r\n                height: auto;\r\n\r\n            }\r\n        }\r\n\r\n        @media (max-width: 1400px) {\r\n            .card-grid {\r\n                grid-template-columns: repeat(2, 50%); \r\n            }\r\n            .card {\r\n                height: 300px; width: 300px \r\n            }\r\n            .card-button {\r\n                font-size: 14px; \r\n            }\r\n            .container {\r\n                \r\n                height: auto;\r\n\r\n            }\r\n        }\r\n\r\n        \r\n        @media (max-width: 767px) {\r\n            .card-grid {\r\n                grid-template-columns: 1fr; \r\n                gap: 20px; \r\n            }\r\n            .card {\r\n                height: 215px; width: 250px \r\n            }\r\n            .card-button {\r\n                font-size: 12px; \r\n            }\r\n            .container {\r\n                \r\n                height: auto;\r\n\r\n            }\r\n        }\r\n    <\/style>\r\n<\/head>\r\n<body>\r\n    <div class=\"container\">\r\n        <div class=\"card-grid\">\r\n            <div class=\"card\">\r\n                <img decoding=\"async\" src=\"wp-content\/uploads\/2024\/07\/Capture-decran-2024-07-16-093740.png\" alt=\"Image conseil op\u00e9rationel\">\r\n                <a href=\"index.php\/conseil-operationnel\/\" class=\"card-button\">D\u00e9couvrir<\/a>\r\n            <\/div>\r\n            <div class=\"card\">\r\n                <img decoding=\"async\" src=\"wp-content\/uploads\/2024\/07\/Capture-decran-2024-07-16-093755.png\" alt=\"Image Strat\u00e9gie et gouvernance\">\r\n                <a href=\"index.php\/strategie-et-gouvernance\/\" class=\"card-button\">D\u00e9couvrir<\/a>\r\n            <\/div>\r\n            <div class=\"card\">\r\n                <img decoding=\"async\" src=\"wp-content\/uploads\/2024\/07\/Capture-decran-2024-07-16-093819.png\" alt=\"Image s\u00e9curit\u00e9 informatique\">\r\n                <a href=\"index.php\/securite-des-systemes-dinformations\/\" class=\"card-button\">D\u00e9couvrir<\/a>\r\n            <\/div>\r\n            <div class=\"card\">\r\n                <img decoding=\"async\" src=\"wp-content\/uploads\/2024\/07\/Capture-decran-2024-07-16-093844.png\" alt=\"Image conformit\u00e9 des donn\u00e9es en assurance\">\r\n                <a href=\"index.php\/conformite-des-donnees-en-assurance\/\" class=\"card-button\">D\u00e9couvrir<\/a>\r\n            <\/div>\r\n            <div class=\"card\">\r\n                <img decoding=\"async\" src=\"wp-content\/uploads\/2024\/07\/Capture-decran-2024-07-16-094051.png\" alt=\"Image gestion des identit\u00e9 et des acc\u00e8s\">\r\n                <a href=\"index.php\/gestion-des-identites-et-des-acces\/\" class=\"card-button\">D\u00e9couvrir<\/a>\r\n            <\/div>\r\n            <div class=\"card\">\r\n                <img decoding=\"async\" src=\"wp-content\/uploads\/2024\/07\/Capture-decran-2024-07-16-093858.png\" alt=\"Image supervision des services\">\r\n                <a href=\"index.php\/supervision-des-services\/\" class=\"card-button\">D\u00e9couvrir<\/a>\r\n            <\/div>\r\n        <\/div>\r\n    <\/div>\r\n<\/body>\r\n\t\t\t\t<\/div>\n\t\t\t\t<\/div>\n\t\t\t\t<\/div>\n\t\t<div class=\"elementor-element elementor-element-7264050 e-flex e-con-boxed e-con e-parent\" data-id=\"7264050\" data-element_type=\"container\" data-e-type=\"container\" data-settings=\"{&quot;background_background&quot;:&quot;classic&quot;}\">\n\t\t\t\t\t<div class=\"e-con-inner\">\n\t\t<div class=\"elementor-element elementor-element-bbd6cc7 e-con-full e-flex e-con e-child\" data-id=\"bbd6cc7\" data-element_type=\"container\" data-e-type=\"container\" data-settings=\"{&quot;background_background&quot;:&quot;classic&quot;}\">\n\t\t\t\t<div class=\"elementor-element elementor-element-9318e84 elementor-widget__width-auto elementor-widget elementor-widget-heading\" data-id=\"9318e84\" data-element_type=\"widget\" data-e-type=\"widget\" data-widget_type=\"heading.default\">\n\t\t\t\t<div class=\"elementor-widget-container\">\n\t\t\t\t\t<h2 class=\"elementor-heading-title elementor-size-default\">Contactez notre \u00e9quipe commerciale<\/h2>\t\t\t\t<\/div>\n\t\t\t\t<\/div>\n\t\t\t\t<div class=\"elementor-element elementor-element-d2374a7 elementor-widget elementor-widget-text-editor\" data-id=\"d2374a7\" data-element_type=\"widget\" data-e-type=\"widget\" data-widget_type=\"text-editor.default\">\n\t\t\t\t<div class=\"elementor-widget-container\">\n\t\t\t\t\t\t\t\t\t<p><span class=\"ui-provider a b c d e f g h i j k l m n o p q r s t u v w x y z ab ac ae af ag ah ai aj ak\" dir=\"ltr\">Nous sommes \u00e0 votre disposition pour vous conseiller et vous accompagner dans vos r\u00e9flexions ou dans la mise en place de vos projets informatiques.<\/span><\/p>\t\t\t\t\t\t\t\t<\/div>\n\t\t\t\t<\/div>\n\t\t\t\t<\/div>\n\t\t<div class=\"elementor-element elementor-element-24de7dc e-con-full e-flex e-con e-child\" data-id=\"24de7dc\" data-element_type=\"container\" data-e-type=\"container\">\n\t\t\t\t<div class=\"elementor-element elementor-element-83e8c00 elementor-view-stacked elementor-position-inline-start elementor-shape-circle elementor-mobile-position-block-start elementor-widget elementor-widget-icon-box\" data-id=\"83e8c00\" data-element_type=\"widget\" data-e-type=\"widget\" data-widget_type=\"icon-box.default\">\n\t\t\t\t<div class=\"elementor-widget-container\">\n\t\t\t\t\t\t\t<div class=\"elementor-icon-box-wrapper\">\n\n\t\t\t\t\t\t<div class=\"elementor-icon-box-icon\">\n\t\t\t\t<a href=\"http:\/\/znvosta.cluster023.hosting.ovh.net\/index.php\/contact\/\" class=\"elementor-icon\" tabindex=\"-1\" aria-label=\"Formulaire de demande \">\n\t\t\t\t<svg aria-hidden=\"true\" class=\"e-font-icon-svg e-far-edit\" viewBox=\"0 0 576 512\" xmlns=\"http:\/\/www.w3.org\/2000\/svg\"><path d=\"M402.3 344.9l32-32c5-5 13.7-1.5 13.7 5.7V464c0 26.5-21.5 48-48 48H48c-26.5 0-48-21.5-48-48V112c0-26.5 21.5-48 48-48h273.5c7.1 0 10.7 8.6 5.7 13.7l-32 32c-1.5 1.5-3.5 2.3-5.7 2.3H48v352h352V350.5c0-2.1.8-4.1 2.3-5.6zm156.6-201.8L296.3 405.7l-90.4 10c-26.2 2.9-48.5-19.2-45.6-45.6l10-90.4L432.9 17.1c22.9-22.9 59.9-22.9 82.7 0l43.2 43.2c22.9 22.9 22.9 60 .1 82.8zM460.1 174L402 115.9 216.2 301.8l-7.3 65.3 65.3-7.3L460.1 174zm64.8-79.7l-43.2-43.2c-4.1-4.1-10.8-4.1-14.8 0L436 82l58.1 58.1 30.9-30.9c4-4.2 4-10.8-.1-14.9z\"><\/path><\/svg>\t\t\t\t<\/a>\n\t\t\t<\/div>\n\t\t\t\n\t\t\t\t\t\t<div class=\"elementor-icon-box-content\">\n\n\t\t\t\t\t\t\t\t\t<h3 class=\"elementor-icon-box-title\">\n\t\t\t\t\t\t<a href=\"http:\/\/znvosta.cluster023.hosting.ovh.net\/index.php\/contact\/\" >\n\t\t\t\t\t\t\tFormulaire de demande \t\t\t\t\t\t<\/a>\n\t\t\t\t\t<\/h3>\n\t\t\t\t\n\t\t\t\t\t\t\t\t\t<p class=\"elementor-icon-box-description\">\n\t\t\t\t\t\tPour soumettre une question ou une requ\u00eate, veuillez remplir le formulaire. Nous vous r\u00e9pondrons d\u00e8s que possible\t\t\t\t\t<\/p>\n\t\t\t\t\n\t\t\t<\/div>\n\t\t\t\n\t\t<\/div>\n\t\t\t\t\t\t<\/div>\n\t\t\t\t<\/div>\n\t\t\t\t<\/div>\n\t\t\t\t\t<\/div>\n\t\t\t\t<\/div>\n\t\t<div class=\"elementor-element elementor-element-2dcb9f3 e-con-full e-flex e-con e-parent\" data-id=\"2dcb9f3\" data-element_type=\"container\" data-e-type=\"container\">\n\t\t\t\t<div class=\"elementor-element elementor-element-680d525 elementor-widget__width-initial elementor-widget elementor-widget-heading\" data-id=\"680d525\" data-element_type=\"widget\" data-e-type=\"widget\" data-widget_type=\"heading.default\">\n\t\t\t\t<div class=\"elementor-widget-container\">\n\t\t\t\t\t<h2 class=\"elementor-heading-title elementor-size-default\">RECRUTEMENT <\/h2>\t\t\t\t<\/div>\n\t\t\t\t<\/div>\n\t\t\t\t<div class=\"elementor-element elementor-element-c1224ab elementor-widget elementor-widget-text-editor\" data-id=\"c1224ab\" data-element_type=\"widget\" data-e-type=\"widget\" data-widget_type=\"text-editor.default\">\n\t\t\t\t<div class=\"elementor-widget-container\">\n\t\t\t\t\t\t\t\t\t<p><span class=\"ui-provider a b c d e f g h i j k l m n o p q r s t u v w x y z ab ac ae af ag ah ai aj ak\" dir=\"ltr\">Retrouvez toutes nos offres d&#8217;emploi<\/span><\/p>\t\t\t\t\t\t\t\t<\/div>\n\t\t\t\t<\/div>\n\t\t\t\t<div class=\"elementor-element elementor-element-e765430 elementor-mobile-align-center elementor-align-center elementor-widget elementor-widget-button\" data-id=\"e765430\" data-element_type=\"widget\" data-e-type=\"widget\" data-widget_type=\"button.default\">\n\t\t\t\t<div class=\"elementor-widget-container\">\n\t\t\t\t\t\t\t\t\t<div class=\"elementor-button-wrapper\">\n\t\t\t\t\t<a class=\"elementor-button elementor-button-link elementor-size-sm\" href=\"index.php\/nous-rejoindre\/\">\n\t\t\t\t\t\t<span class=\"elementor-button-content-wrapper\">\n\t\t\t\t\t\t<span class=\"elementor-button-icon\">\n\t\t\t\t<svg aria-hidden=\"true\" class=\"e-font-icon-svg e-fas-arrow-right\" viewBox=\"0 0 448 512\" xmlns=\"http:\/\/www.w3.org\/2000\/svg\"><path d=\"M190.5 66.9l22.2-22.2c9.4-9.4 24.6-9.4 33.9 0L441 239c9.4 9.4 9.4 24.6 0 33.9L246.6 467.3c-9.4 9.4-24.6 9.4-33.9 0l-22.2-22.2c-9.5-9.5-9.3-25 .4-34.3L311.4 296H24c-13.3 0-24-10.7-24-24v-32c0-13.3 10.7-24 24-24h287.4L190.9 101.2c-9.8-9.3-10-24.8-.4-34.3z\"><\/path><\/svg>\t\t\t<\/span>\n\t\t\t\t\t\t\t\t\t<span class=\"elementor-button-text\">Postuler <\/span>\n\t\t\t\t\t<\/span>\n\t\t\t\t\t<\/a>\n\t\t\t\t<\/div>\n\t\t\t\t\t\t\t\t<\/div>\n\t\t\t\t<\/div>\n\t\t\t\t<\/div>\n\t\t\t\t<\/div>\n\t\t","protected":false},"excerpt":{"rendered":"<p>services et solutions pour le S.I et la transformation digitale INOLIANS vous accompagne D\u00e9couvrir D\u00e9couvrir D\u00e9couvrir D\u00e9couvrir D\u00e9couvrir D\u00e9couvrir Contactez notre \u00e9quipe commerciale Nous sommes \u00e0 votre disposition pour vous conseiller et vous accompagner dans vos r\u00e9flexions ou dans la mise en place de vos projets informatiques. Formulaire de demande Pour soumettre une question ou [&hellip;]<\/p>\n","protected":false},"author":1,"featured_media":0,"parent":0,"menu_order":0,"comment_status":"closed","ping_status":"closed","template":"","meta":{"_monsterinsights_skip_tracking":false,"_monsterinsights_sitenote_active":false,"_monsterinsights_sitenote_note":"","_monsterinsights_sitenote_category":0,"footnotes":""},"class_list":["post-5947","page","type-page","status-publish","hentry"],"blocksy_meta":{"page_title_panel":"","has_hero_section":"disabled","a021d615acb00704d22a215bb20821ff":"","hero_section":"type-1","hero_elements":[{"id":"custom_title","enabled":true,"heading_tag":"h1","title":"Home"},{"id":"custom_description","enabled":true,"description_visibility":{"desktop":true,"tablet":true,"mobile":false}},{"id":"custom_meta","enabled":false,"meta_elements":[{"id":"author","enabled":true,"label":"By","has_author_avatar":"yes","avatar_size":25},{"id":"post_date","enabled":true,"label":"On","date_format_source":"default","date_format":"M j, Y"},{"id":"comments","enabled":true}],"page_meta_elements":{"joined":true,"articles_count":true,"comments":true}},{"id":"breadcrumbs","enabled":false}],"d0505c9bc2c3a100918983b7672c5e6d":"","hero_alignment1":"left","hero_alignment2":"center","hero_vertical_alignment":"center","69a73150cebfaece67402936f1c0455f":"","hero_structure":"narrow","bd1080d581870d75437a0aec7ce14d23":"","page_title_bg_type":"featured_image","custom_hero_background":{"attachment_id":null},"parallax":{"desktop":false,"tablet":false,"mobile":false},"a45ed0d64b9a771c158335017296bd80":"","hero_height":"250px","pageTitleFont":{"family":"Default","variation":"Default","size":{"desktop":"32px","tablet":"30px","mobile":"25px"},"line-height":"CT_CSS_SKIP_RULE","letter-spacing":"CT_CSS_SKIP_RULE","text-transform":"CT_CSS_SKIP_RULE","text-decoration":"CT_CSS_SKIP_RULE"},"pageTitleFontColor":{"default":{"color":"CT_CSS_SKIP_RULEDEFAULT"}},"pageMetaFont":{"family":"Default","variation":"n6","size":{"desktop":"12px","tablet":"12px","mobile":"12px"},"line-height":"1.3","letter-spacing":"CT_CSS_SKIP_RULE","text-transform":"uppercase","text-decoration":"CT_CSS_SKIP_RULE"},"pageMetaFontColor":{"default":{"color":"CT_CSS_SKIP_RULEDEFAULT"},"hover":{"color":"CT_CSS_SKIP_RULEDEFAULT"}},"pageExcerptFont":{"family":"Default","variation":"Default","size":"CT_CSS_SKIP_RULE","line-height":"CT_CSS_SKIP_RULE","letter-spacing":"CT_CSS_SKIP_RULE","text-transform":"CT_CSS_SKIP_RULE","text-decoration":"CT_CSS_SKIP_RULE"},"pageExcerptColor":{"default":{"color":"CT_CSS_SKIP_RULEDEFAULT"}},"breadcrumbsFont":{"family":"Default","variation":"n6","size":"12px","line-height":"CT_CSS_SKIP_RULE","letter-spacing":"CT_CSS_SKIP_RULE","text-transform":"uppercase","text-decoration":"CT_CSS_SKIP_RULE"},"breadcrumbsFontColor":{"default":{"color":"CT_CSS_SKIP_RULEDEFAULT"},"initial":{"color":"CT_CSS_SKIP_RULEDEFAULT"},"hover":{"color":"CT_CSS_SKIP_RULEDEFAULT"}},"pageTitleOverlay":{"default":{"color":"rgba(41, 51, 60, 0.2)"}},"pageTitleBackground":{"background_type":"color","background_pattern":"type-1","background_image":{"attachment_id":null,"x":0,"y":0},"background_repeat":"no-repeat","background_size":"auto","background_attachment":"scroll","patternColor":{"default":{"color":"#e5e7ea"}},"backgroundColor":{"default":{"color":"#EDEFF2"}}},"c0700eea2d5f2a79943114245d9b0d3c":"","page_structure_type":"default","content_style":"inherit","vertical_spacing_source":"custom","content_area_spacing":"none","background":{"background_type":"color","background_pattern":"type-1","background_image":{"attachment_id":null,"x":0,"y":0},"background_repeat":"no-repeat","background_size":"auto","background_attachment":"scroll","patternColor":{"default":{"color":"#e5e7ea"}},"backgroundColor":{"default":{"color":"CT_CSS_SKIP_RULE"}}},"content_background":{"background_type":"color","background_pattern":"type-1","background_image":{"attachment_id":null,"x":0,"y":0},"background_repeat":"no-repeat","background_size":"auto","background_attachment":"scroll","patternColor":{"default":{"color":"#e5e7ea"}},"backgroundColor":{"default":{"color":"#ffffff"}}},"content_boxed_spacing":{"desktop":"40px","tablet":"35px","mobile":"20px"},"content_boxed_radius":{"top":"3px","bottom":"3px","left":"3px","right":"3px","linked":true},"content_boxed_shadow":{"blur":18,"spread":-6,"v_offset":12,"h_offset":0,"inset":false,"enable":true,"color":{"color":"rgba(34, 56, 101, 0.04)"}},"05c14464af83440d2458a3b59cd3c7c8":"","disable_featured_image":"no","disable_header":"no","disable_footer":"no","styles_descriptor":{"styles":{"desktop":"","tablet":"","mobile":""},"google_fonts":[]}},"yoast_head":"<!-- This site is optimized with the Yoast SEO plugin v27.5 - https:\/\/yoast.com\/product\/yoast-seo-wordpress\/ -->\n<title>Accueil - INOLIANS<\/title>\n<meta name=\"description\" content=\"Expert en syst\u00e8mes d&#039;information et transformation digitale, Inolians vous offre des solutions pour optimiser vos SI, processus et strat\u00e9gies num\u00e9riques.\" \/>\n<meta name=\"robots\" content=\"index, follow, max-snippet:-1, max-image-preview:large, max-video-preview:-1\" \/>\n<link rel=\"canonical\" href=\"https:\/\/www.inolians.com\/\" \/>\n<meta property=\"og:locale\" content=\"fr_FR\" \/>\n<meta property=\"og:type\" content=\"article\" \/>\n<meta property=\"og:title\" content=\"Accueil - INOLIANS\" \/>\n<meta property=\"og:description\" content=\"Expert en syst\u00e8mes d&#039;information et transformation digitale, Inolians vous offre des solutions pour optimiser vos SI, processus et strat\u00e9gies num\u00e9riques.\" \/>\n<meta property=\"og:url\" content=\"https:\/\/www.inolians.com\/\" \/>\n<meta property=\"og:site_name\" content=\"INOLIANS\" \/>\n<meta property=\"article:modified_time\" content=\"2024-10-09T12:49:51+00:00\" \/>\n<meta name=\"twitter:card\" content=\"summary_large_image\" \/>\n<meta name=\"twitter:label1\" content=\"Dur\u00e9e de lecture estim\u00e9e\" \/>\n\t<meta name=\"twitter:data1\" content=\"2 minutes\" \/>\n<script type=\"application\/ld+json\" class=\"yoast-schema-graph\">{\"@context\":\"https:\\\/\\\/schema.org\",\"@graph\":[{\"@type\":\"WebPage\",\"@id\":\"https:\\\/\\\/www.inolians.com\\\/\",\"url\":\"https:\\\/\\\/www.inolians.com\\\/\",\"name\":\"Accueil - INOLIANS\",\"isPartOf\":{\"@id\":\"https:\\\/\\\/www.inolians.com\\\/#website\"},\"datePublished\":\"2020-08-14T14:29:45+00:00\",\"dateModified\":\"2024-10-09T12:49:51+00:00\",\"description\":\"Expert en syst\u00e8mes d'information et transformation digitale, Inolians vous offre des solutions pour optimiser vos SI, processus et strat\u00e9gies num\u00e9riques.\",\"breadcrumb\":{\"@id\":\"https:\\\/\\\/www.inolians.com\\\/#breadcrumb\"},\"inLanguage\":\"fr-FR\",\"potentialAction\":[{\"@type\":\"ReadAction\",\"target\":[\"https:\\\/\\\/www.inolians.com\\\/\"]}]},{\"@type\":\"BreadcrumbList\",\"@id\":\"https:\\\/\\\/www.inolians.com\\\/#breadcrumb\",\"itemListElement\":[{\"@type\":\"ListItem\",\"position\":1,\"name\":\"Accueil\",\"item\":\"https:\\\/\\\/www.inolians.com\\\/\"},{\"@type\":\"ListItem\",\"position\":2,\"name\":\"Accueil\"}]},{\"@type\":\"WebSite\",\"@id\":\"https:\\\/\\\/www.inolians.com\\\/#website\",\"url\":\"https:\\\/\\\/www.inolians.com\\\/\",\"name\":\"INOLIANS\",\"description\":\"Conseil op\u00e9rationnel | Gestion de projet | Solutions S.I\",\"publisher\":{\"@id\":\"https:\\\/\\\/www.inolians.com\\\/#organization\"},\"potentialAction\":[{\"@type\":\"SearchAction\",\"target\":{\"@type\":\"EntryPoint\",\"urlTemplate\":\"https:\\\/\\\/www.inolians.com\\\/?s={search_term_string}\"},\"query-input\":{\"@type\":\"PropertyValueSpecification\",\"valueRequired\":true,\"valueName\":\"search_term_string\"}}],\"inLanguage\":\"fr-FR\"},{\"@type\":\"Organization\",\"@id\":\"https:\\\/\\\/www.inolians.com\\\/#organization\",\"name\":\"INOLIANS\",\"url\":\"https:\\\/\\\/www.inolians.com\\\/\",\"logo\":{\"@type\":\"ImageObject\",\"inLanguage\":\"fr-FR\",\"@id\":\"https:\\\/\\\/www.inolians.com\\\/#\\\/schema\\\/logo\\\/image\\\/\",\"url\":\"https:\\\/\\\/www.inolians.com\\\/wp-content\\\/uploads\\\/2024\\\/05\\\/LOGOS-INOLIANS12-1.png\",\"contentUrl\":\"https:\\\/\\\/www.inolians.com\\\/wp-content\\\/uploads\\\/2024\\\/05\\\/LOGOS-INOLIANS12-1.png\",\"width\":990,\"height\":663,\"caption\":\"INOLIANS\"},\"image\":{\"@id\":\"https:\\\/\\\/www.inolians.com\\\/#\\\/schema\\\/logo\\\/image\\\/\"}}]}<\/script>\n<!-- \/ Yoast SEO plugin. -->","yoast_head_json":{"title":"Accueil - INOLIANS","description":"Expert en syst\u00e8mes d'information et transformation digitale, Inolians vous offre des solutions pour optimiser vos SI, processus et strat\u00e9gies num\u00e9riques.","robots":{"index":"index","follow":"follow","max-snippet":"max-snippet:-1","max-image-preview":"max-image-preview:large","max-video-preview":"max-video-preview:-1"},"canonical":"https:\/\/www.inolians.com\/","og_locale":"fr_FR","og_type":"article","og_title":"Accueil - INOLIANS","og_description":"Expert en syst\u00e8mes d'information et transformation digitale, Inolians vous offre des solutions pour optimiser vos SI, processus et strat\u00e9gies num\u00e9riques.","og_url":"https:\/\/www.inolians.com\/","og_site_name":"INOLIANS","article_modified_time":"2024-10-09T12:49:51+00:00","twitter_card":"summary_large_image","twitter_misc":{"Dur\u00e9e de lecture estim\u00e9e":"2 minutes"},"schema":{"@context":"https:\/\/schema.org","@graph":[{"@type":"WebPage","@id":"https:\/\/www.inolians.com\/","url":"https:\/\/www.inolians.com\/","name":"Accueil - INOLIANS","isPartOf":{"@id":"https:\/\/www.inolians.com\/#website"},"datePublished":"2020-08-14T14:29:45+00:00","dateModified":"2024-10-09T12:49:51+00:00","description":"Expert en syst\u00e8mes d'information et transformation digitale, Inolians vous offre des solutions pour optimiser vos SI, processus et strat\u00e9gies num\u00e9riques.","breadcrumb":{"@id":"https:\/\/www.inolians.com\/#breadcrumb"},"inLanguage":"fr-FR","potentialAction":[{"@type":"ReadAction","target":["https:\/\/www.inolians.com\/"]}]},{"@type":"BreadcrumbList","@id":"https:\/\/www.inolians.com\/#breadcrumb","itemListElement":[{"@type":"ListItem","position":1,"name":"Accueil","item":"https:\/\/www.inolians.com\/"},{"@type":"ListItem","position":2,"name":"Accueil"}]},{"@type":"WebSite","@id":"https:\/\/www.inolians.com\/#website","url":"https:\/\/www.inolians.com\/","name":"INOLIANS","description":"Conseil op\u00e9rationnel | Gestion de projet | Solutions S.I","publisher":{"@id":"https:\/\/www.inolians.com\/#organization"},"potentialAction":[{"@type":"SearchAction","target":{"@type":"EntryPoint","urlTemplate":"https:\/\/www.inolians.com\/?s={search_term_string}"},"query-input":{"@type":"PropertyValueSpecification","valueRequired":true,"valueName":"search_term_string"}}],"inLanguage":"fr-FR"},{"@type":"Organization","@id":"https:\/\/www.inolians.com\/#organization","name":"INOLIANS","url":"https:\/\/www.inolians.com\/","logo":{"@type":"ImageObject","inLanguage":"fr-FR","@id":"https:\/\/www.inolians.com\/#\/schema\/logo\/image\/","url":"https:\/\/www.inolians.com\/wp-content\/uploads\/2024\/05\/LOGOS-INOLIANS12-1.png","contentUrl":"https:\/\/www.inolians.com\/wp-content\/uploads\/2024\/05\/LOGOS-INOLIANS12-1.png","width":990,"height":663,"caption":"INOLIANS"},"image":{"@id":"https:\/\/www.inolians.com\/#\/schema\/logo\/image\/"}}]}},"_links":{"self":[{"href":"https:\/\/www.inolians.com\/index.php\/wp-json\/wp\/v2\/pages\/5947","targetHints":{"allow":["GET"]}}],"collection":[{"href":"https:\/\/www.inolians.com\/index.php\/wp-json\/wp\/v2\/pages"}],"about":[{"href":"https:\/\/www.inolians.com\/index.php\/wp-json\/wp\/v2\/types\/page"}],"author":[{"embeddable":true,"href":"https:\/\/www.inolians.com\/index.php\/wp-json\/wp\/v2\/users\/1"}],"replies":[{"embeddable":true,"href":"https:\/\/www.inolians.com\/index.php\/wp-json\/wp\/v2\/comments?post=5947"}],"version-history":[{"count":1128,"href":"https:\/\/www.inolians.com\/index.php\/wp-json\/wp\/v2\/pages\/5947\/revisions"}],"predecessor-version":[{"id":9553,"href":"https:\/\/www.inolians.com\/index.php\/wp-json\/wp\/v2\/pages\/5947\/revisions\/9553"}],"wp:attachment":[{"href":"https:\/\/www.inolians.com\/index.php\/wp-json\/wp\/v2\/media?parent=5947"}],"curies":[{"name":"wp","href":"https:\/\/api.w.org\/{rel}","templated":true}]}}