{"id":5693,"date":"2024-05-30T11:46:29","date_gmt":"2024-05-30T09:46:29","guid":{"rendered":"http:\/\/znvosta.cluster023.hosting.ovh.net\/?page_id=5693"},"modified":"2024-08-29T16:21:11","modified_gmt":"2024-08-29T14:21:11","slug":"nous-rejoindre","status":"publish","type":"page","link":"https:\/\/www.inolians.com\/index.php\/descriptif-du-poste\/nous-rejoindre\/","title":{"rendered":"Nous rejoindre"},"content":{"rendered":"\t\t<div data-elementor-type=\"wp-page\" data-elementor-id=\"5693\" class=\"elementor elementor-5693\" data-elementor-post-type=\"page\">\n\t\t\t\t<div class=\"elementor-element elementor-element-01d1179 e-flex e-con-boxed e-con e-parent\" data-id=\"01d1179\" data-element_type=\"container\" data-e-type=\"container\" data-settings=\"{&quot;background_background&quot;:&quot;slideshow&quot;,&quot;background_slideshow_gallery&quot;:[{&quot;id&quot;:6489,&quot;url&quot;:&quot;https:\\\/\\\/www.inolians.com\\\/wp-content\\\/uploads\\\/2024\\\/06\\\/Capture-decran-2024-06-05-095841.png&quot;}],&quot;background_slideshow_loop&quot;:&quot;yes&quot;,&quot;background_slideshow_slide_duration&quot;:5000,&quot;background_slideshow_slide_transition&quot;:&quot;fade&quot;,&quot;background_slideshow_transition_duration&quot;:500}\">\n\t\t\t\t\t<div class=\"e-con-inner\">\n\t\t\t\t<div class=\"elementor-element elementor-element-99fdd68 elementor-widget elementor-widget-heading\" data-id=\"99fdd68\" data-element_type=\"widget\" data-e-type=\"widget\" data-widget_type=\"heading.default\">\n\t\t\t\t<div class=\"elementor-widget-container\">\n\t\t\t\t\t<h2 class=\"elementor-heading-title elementor-size-default\">NOUS REJOINDRE<\/h2>\t\t\t\t<\/div>\n\t\t\t\t<\/div>\n\t\t\t\t<div class=\"elementor-element elementor-element-0acd553 elementor-widget elementor-widget-text-editor\" data-id=\"0acd553\" data-element_type=\"widget\" data-e-type=\"widget\" data-widget_type=\"text-editor.default\">\n\t\t\t\t<div class=\"elementor-widget-container\">\n\t\t\t\t\t\t\t\t\t<p>Les offres d&#8217;emploi INOLIANS<\/p>\t\t\t\t\t\t\t\t<\/div>\n\t\t\t\t<\/div>\n\t\t\t\t<div class=\"elementor-element elementor-element-93632fd elementor-widget elementor-widget-image\" data-id=\"93632fd\" data-element_type=\"widget\" data-e-type=\"widget\" data-widget_type=\"image.default\">\n\t\t\t\t<div class=\"elementor-widget-container\">\n\t\t\t\t\t\t\t\t\t\t\t\t\t\t\t<img fetchpriority=\"high\" decoding=\"async\" width=\"990\" height=\"663\" src=\"https:\/\/www.inolians.com\/wp-content\/uploads\/2024\/05\/LOGOS-INOLIANS12-1.png\" class=\"attachment-large size-large wp-image-6004\" alt=\"\" srcset=\"https:\/\/www.inolians.com\/wp-content\/uploads\/2024\/05\/LOGOS-INOLIANS12-1.png 990w, https:\/\/www.inolians.com\/wp-content\/uploads\/2024\/05\/LOGOS-INOLIANS12-1-300x201.png 300w, https:\/\/www.inolians.com\/wp-content\/uploads\/2024\/05\/LOGOS-INOLIANS12-1-768x514.png 768w, https:\/\/www.inolians.com\/wp-content\/uploads\/2024\/05\/LOGOS-INOLIANS12-1-600x402.png 600w\" sizes=\"(max-width: 990px) 100vw, 990px\" \/>\t\t\t\t\t\t\t\t\t\t\t\t\t\t\t<\/div>\n\t\t\t\t<\/div>\n\t\t\t\t\t<\/div>\n\t\t\t\t<\/div>\n\t\t<div class=\"elementor-element elementor-element-c68dd88 e-flex e-con-boxed e-con e-parent\" data-id=\"c68dd88\" data-element_type=\"container\" data-e-type=\"container\">\n\t\t\t\t\t<div class=\"e-con-inner\">\n\t\t<div class=\"elementor-element elementor-element-83c0f63 e-con-full ConteneurNousRejoindre e-flex e-con e-child\" data-id=\"83c0f63\" data-element_type=\"container\" data-e-type=\"container\">\n\t\t\t\t<div class=\"elementor-element elementor-element-3a5a27f elementor-cta--skin-cover nousRejoindreCard elementor-widget__width-initial elementor-cta--valign-middle elementor-animated-content elementor-widget elementor-widget-call-to-action\" data-id=\"3a5a27f\" data-element_type=\"widget\" data-e-type=\"widget\" data-widget_type=\"call-to-action.default\">\n\t\t\t\t<div class=\"elementor-widget-container\">\n\t\t\t\t\t\t\t<div class=\"elementor-cta\">\n\t\t\t\t\t<div class=\"elementor-cta__bg-wrapper\">\n\t\t\t\t<div class=\"elementor-cta__bg elementor-bg\" style=\"background-image: url();\" role=\"img\" aria-label=\"\"><\/div>\n\t\t\t\t<div class=\"elementor-cta__bg-overlay\"><\/div>\n\t\t\t<\/div>\n\t\t\t\t\t\t\t<div class=\"elementor-cta__content\">\n\t\t\t\t\n\t\t\t\t\t\t\t\t\t<h3 class=\"elementor-cta__title elementor-cta__content-item elementor-content-item elementor-animated-item--grow\">\n\t\t\t\t\t\tConsultant AMOA Syst\u00e8mes d'Information \t\t\t\t\t<\/h3>\n\t\t\t\t\n\t\t\t\t\t\t\t\t\t<div class=\"elementor-cta__description elementor-cta__content-item elementor-content-item elementor-animated-item--grow\">\n\t\t\t\t\t\tCDI\t\t\t\t\t<\/div>\n\t\t\t\t\n\t\t\t\t\t\t\t\t\t<div class=\"elementor-cta__button-wrapper elementor-cta__content-item elementor-content-item elementor-animated-item--grow\">\n\t\t\t\t\t<a class=\"elementor-cta__button elementor-button elementor-size-\" href=\"\/index.php\/descriptif-du-poste\/\">\n\t\t\t\t\t\tD\u00e9couvrir\t\t\t\t\t<\/a>\n\t\t\t\t\t<\/div>\n\t\t\t\t\t\t\t<\/div>\n\t\t\t\t\t\t<\/div>\n\t\t\t\t\t\t<\/div>\n\t\t\t\t<\/div>\n\t\t\t\t<\/div>\n\t\t<div class=\"elementor-element elementor-element-819df4a e-con-full ConteneurNousRejoindre e-flex e-con e-child\" data-id=\"819df4a\" data-element_type=\"container\" data-e-type=\"container\">\n\t\t\t\t<div class=\"elementor-element elementor-element-0e81258 elementor-cta--skin-cover nousRejoindreCard elementor-widget__width-initial elementor-cta--valign-middle elementor-animated-content elementor-widget elementor-widget-call-to-action\" data-id=\"0e81258\" data-element_type=\"widget\" data-e-type=\"widget\" data-widget_type=\"call-to-action.default\">\n\t\t\t\t<div class=\"elementor-widget-container\">\n\t\t\t\t\t\t\t<div class=\"elementor-cta\">\n\t\t\t\t\t<div class=\"elementor-cta__bg-wrapper\">\n\t\t\t\t<div class=\"elementor-cta__bg elementor-bg\" style=\"background-image: url();\" role=\"img\" aria-label=\"\"><\/div>\n\t\t\t\t<div class=\"elementor-cta__bg-overlay\"><\/div>\n\t\t\t<\/div>\n\t\t\t\t\t\t\t<div class=\"elementor-cta__content\">\n\t\t\t\t\n\t\t\t\t\t\t\t\t\t<h3 class=\"elementor-cta__title elementor-cta__content-item elementor-content-item elementor-animated-item--grow\">\n\t\t\t\t\t\tConsultant technique informatique\t\t\t\t\t<\/h3>\n\t\t\t\t\n\t\t\t\t\t\t\t\t\t<div class=\"elementor-cta__description elementor-cta__content-item elementor-content-item elementor-animated-item--grow\">\n\t\t\t\t\t\tCDI\t\t\t\t\t<\/div>\n\t\t\t\t\n\t\t\t\t\t\t\t\t\t<div class=\"elementor-cta__button-wrapper elementor-cta__content-item elementor-content-item elementor-animated-item--grow\">\n\t\t\t\t\t<a class=\"elementor-cta__button elementor-button elementor-size-\" href=\"https:\/\/www.inolians.com\/index.php\/offre-demploi-consultant-technique-informatique\/\">\n\t\t\t\t\t\tD\u00e9couvrir\t\t\t\t\t<\/a>\n\t\t\t\t\t<\/div>\n\t\t\t\t\t\t\t<\/div>\n\t\t\t\t\t\t<\/div>\n\t\t\t\t\t\t<\/div>\n\t\t\t\t<\/div>\n\t\t\t\t<\/div>\n\t\t<div class=\"elementor-element elementor-element-dbd982e e-con-full ConteneurNousRejoindre e-flex e-con e-child\" data-id=\"dbd982e\" data-element_type=\"container\" data-e-type=\"container\">\n\t\t\t\t<div class=\"elementor-element elementor-element-a43599c elementor-cta--skin-cover nousRejoindreCard elementor-widget__width-initial elementor-cta--valign-middle elementor-animated-content elementor-widget elementor-widget-call-to-action\" data-id=\"a43599c\" data-element_type=\"widget\" data-e-type=\"widget\" data-widget_type=\"call-to-action.default\">\n\t\t\t\t<div class=\"elementor-widget-container\">\n\t\t\t\t\t\t\t<div class=\"elementor-cta\">\n\t\t\t\t\t<div class=\"elementor-cta__bg-wrapper\">\n\t\t\t\t<div class=\"elementor-cta__bg elementor-bg\" style=\"background-image: url();\" role=\"img\" aria-label=\"\"><\/div>\n\t\t\t\t<div class=\"elementor-cta__bg-overlay\"><\/div>\n\t\t\t<\/div>\n\t\t\t\t\t\t\t<div class=\"elementor-cta__content\">\n\t\t\t\t\n\t\t\t\t\t\t\t\t\t<h3 class=\"elementor-cta__title elementor-cta__content-item elementor-content-item elementor-animated-item--grow\">\n\t\t\t\t\t\tD\u00e9veloppeur Nodejs fullstack \t\t\t\t\t<\/h3>\n\t\t\t\t\n\t\t\t\t\t\t\t\t\t<div class=\"elementor-cta__description elementor-cta__content-item elementor-content-item elementor-animated-item--grow\">\n\t\t\t\t\t\tCDI\t\t\t\t\t<\/div>\n\t\t\t\t\n\t\t\t\t\t\t\t\t\t<div class=\"elementor-cta__button-wrapper elementor-cta__content-item elementor-content-item elementor-animated-item--grow\">\n\t\t\t\t\t<a class=\"elementor-cta__button elementor-button elementor-size-\" href=\"\/index.php\/descriptif-du-poste\/\">\n\t\t\t\t\t\tD\u00e9couvrir\t\t\t\t\t<\/a>\n\t\t\t\t\t<\/div>\n\t\t\t\t\t\t\t<\/div>\n\t\t\t\t\t\t<\/div>\n\t\t\t\t\t\t<\/div>\n\t\t\t\t<\/div>\n\t\t\t\t<\/div>\n\t\t\t\t\t<\/div>\n\t\t\t\t<\/div>\n\t\t\t\t<\/div>\n\t\t","protected":false},"excerpt":{"rendered":"<p>NOUS REJOINDRE Les offres d&#8217;emploi INOLIANS Consultant AMOA Syst\u00e8mes d&#8217;Information CDI D\u00e9couvrir Consultant technique informatique CDI D\u00e9couvrir D\u00e9veloppeur Nodejs fullstack CDI D\u00e9couvrir<\/p>\n","protected":false},"author":1,"featured_media":0,"parent":7737,"menu_order":0,"comment_status":"closed","ping_status":"closed","template":"","meta":{"_monsterinsights_skip_tracking":false,"_monsterinsights_sitenote_active":false,"_monsterinsights_sitenote_note":"","_monsterinsights_sitenote_category":0,"footnotes":""},"class_list":["post-5693","page","type-page","status-publish","hentry"],"blocksy_meta":[],"yoast_head":"<!-- This site is optimized with the Yoast SEO plugin v27.5 - https:\/\/yoast.com\/product\/yoast-seo-wordpress\/ -->\n<title>Rejoignez l&#039;\u00e9quipe d&#039;INOLIANS - Offres d&#039;emploi<\/title>\n<meta name=\"description\" content=\"D\u00e9couvrez les offres d&#039;emploi chez INOLIANS et rejoignez une \u00e9quipe dynamique et passionn\u00e9e.\" \/>\n<meta name=\"robots\" content=\"index, follow, max-snippet:-1, max-image-preview:large, max-video-preview:-1\" \/>\n<link rel=\"canonical\" href=\"https:\/\/www.inolians.com\/index.php\/descriptif-du-poste\/nous-rejoindre\/\" \/>\n<meta property=\"og:locale\" content=\"fr_FR\" \/>\n<meta property=\"og:type\" content=\"article\" \/>\n<meta property=\"og:title\" content=\"Rejoignez l&#039;\u00e9quipe d&#039;INOLIANS - Offres d&#039;emploi\" \/>\n<meta property=\"og:description\" content=\"D\u00e9couvrez les offres d&#039;emploi chez INOLIANS et rejoignez une \u00e9quipe dynamique et passionn\u00e9e.\" \/>\n<meta property=\"og:url\" content=\"https:\/\/www.inolians.com\/index.php\/descriptif-du-poste\/nous-rejoindre\/\" \/>\n<meta property=\"og:site_name\" content=\"INOLIANS\" \/>\n<meta property=\"article:modified_time\" content=\"2024-08-29T14:21:11+00:00\" \/>\n<meta property=\"og:image\" content=\"https:\/\/www.inolians.com\/wp-content\/uploads\/2024\/05\/LOGOS-INOLIANS12-1.png\" \/>\n<meta name=\"twitter:card\" content=\"summary_large_image\" \/>\n<meta name=\"twitter:label1\" content=\"Dur\u00e9e de lecture estim\u00e9e\" \/>\n\t<meta name=\"twitter:data1\" content=\"1 minute\" \/>\n<script type=\"application\/ld+json\" class=\"yoast-schema-graph\">{\"@context\":\"https:\\\/\\\/schema.org\",\"@graph\":[{\"@type\":\"WebPage\",\"@id\":\"https:\\\/\\\/www.inolians.com\\\/index.php\\\/descriptif-du-poste\\\/nous-rejoindre\\\/\",\"url\":\"https:\\\/\\\/www.inolians.com\\\/index.php\\\/descriptif-du-poste\\\/nous-rejoindre\\\/\",\"name\":\"Rejoignez l'\u00e9quipe d'INOLIANS - Offres d'emploi\",\"isPartOf\":{\"@id\":\"https:\\\/\\\/www.inolians.com\\\/#website\"},\"primaryImageOfPage\":{\"@id\":\"https:\\\/\\\/www.inolians.com\\\/index.php\\\/descriptif-du-poste\\\/nous-rejoindre\\\/#primaryimage\"},\"image\":{\"@id\":\"https:\\\/\\\/www.inolians.com\\\/index.php\\\/descriptif-du-poste\\\/nous-rejoindre\\\/#primaryimage\"},\"thumbnailUrl\":\"https:\\\/\\\/www.inolians.com\\\/wp-content\\\/uploads\\\/2024\\\/05\\\/LOGOS-INOLIANS12-1.png\",\"datePublished\":\"2024-05-30T09:46:29+00:00\",\"dateModified\":\"2024-08-29T14:21:11+00:00\",\"description\":\"D\u00e9couvrez les offres d'emploi chez INOLIANS et rejoignez une \u00e9quipe dynamique et passionn\u00e9e.\",\"breadcrumb\":{\"@id\":\"https:\\\/\\\/www.inolians.com\\\/index.php\\\/descriptif-du-poste\\\/nous-rejoindre\\\/#breadcrumb\"},\"inLanguage\":\"fr-FR\",\"potentialAction\":[{\"@type\":\"ReadAction\",\"target\":[\"https:\\\/\\\/www.inolians.com\\\/index.php\\\/descriptif-du-poste\\\/nous-rejoindre\\\/\"]}]},{\"@type\":\"ImageObject\",\"inLanguage\":\"fr-FR\",\"@id\":\"https:\\\/\\\/www.inolians.com\\\/index.php\\\/descriptif-du-poste\\\/nous-rejoindre\\\/#primaryimage\",\"url\":\"https:\\\/\\\/www.inolians.com\\\/wp-content\\\/uploads\\\/2024\\\/05\\\/LOGOS-INOLIANS12-1.png\",\"contentUrl\":\"https:\\\/\\\/www.inolians.com\\\/wp-content\\\/uploads\\\/2024\\\/05\\\/LOGOS-INOLIANS12-1.png\",\"width\":990,\"height\":663},{\"@type\":\"BreadcrumbList\",\"@id\":\"https:\\\/\\\/www.inolians.com\\\/index.php\\\/descriptif-du-poste\\\/nous-rejoindre\\\/#breadcrumb\",\"itemListElement\":[{\"@type\":\"ListItem\",\"position\":1,\"name\":\"Accueil\",\"item\":\"https:\\\/\\\/www.inolians.com\\\/\"},{\"@type\":\"ListItem\",\"position\":2,\"name\":\"Offre d&#8217;emploi Consultant AMOA Syst\u00e8mes d&rsquo;Information\",\"item\":\"https:\\\/\\\/www.inolians.com\\\/index.php\\\/descriptif-du-poste\\\/\"},{\"@type\":\"ListItem\",\"position\":3,\"name\":\"Nous rejoindre\"}]},{\"@type\":\"WebSite\",\"@id\":\"https:\\\/\\\/www.inolians.com\\\/#website\",\"url\":\"https:\\\/\\\/www.inolians.com\\\/\",\"name\":\"INOLIANS\",\"description\":\"Conseil op\u00e9rationnel | Gestion de projet | Solutions S.I\",\"publisher\":{\"@id\":\"https:\\\/\\\/www.inolians.com\\\/#organization\"},\"potentialAction\":[{\"@type\":\"SearchAction\",\"target\":{\"@type\":\"EntryPoint\",\"urlTemplate\":\"https:\\\/\\\/www.inolians.com\\\/?s={search_term_string}\"},\"query-input\":{\"@type\":\"PropertyValueSpecification\",\"valueRequired\":true,\"valueName\":\"search_term_string\"}}],\"inLanguage\":\"fr-FR\"},{\"@type\":\"Organization\",\"@id\":\"https:\\\/\\\/www.inolians.com\\\/#organization\",\"name\":\"INOLIANS\",\"url\":\"https:\\\/\\\/www.inolians.com\\\/\",\"logo\":{\"@type\":\"ImageObject\",\"inLanguage\":\"fr-FR\",\"@id\":\"https:\\\/\\\/www.inolians.com\\\/#\\\/schema\\\/logo\\\/image\\\/\",\"url\":\"https:\\\/\\\/www.inolians.com\\\/wp-content\\\/uploads\\\/2024\\\/05\\\/LOGOS-INOLIANS12-1.png\",\"contentUrl\":\"https:\\\/\\\/www.inolians.com\\\/wp-content\\\/uploads\\\/2024\\\/05\\\/LOGOS-INOLIANS12-1.png\",\"width\":990,\"height\":663,\"caption\":\"INOLIANS\"},\"image\":{\"@id\":\"https:\\\/\\\/www.inolians.com\\\/#\\\/schema\\\/logo\\\/image\\\/\"}}]}<\/script>\n<!-- \/ Yoast SEO plugin. -->","yoast_head_json":{"title":"Rejoignez l'\u00e9quipe d'INOLIANS - Offres d'emploi","description":"D\u00e9couvrez les offres d'emploi chez INOLIANS et rejoignez une \u00e9quipe dynamique et passionn\u00e9e.","robots":{"index":"index","follow":"follow","max-snippet":"max-snippet:-1","max-image-preview":"max-image-preview:large","max-video-preview":"max-video-preview:-1"},"canonical":"https:\/\/www.inolians.com\/index.php\/descriptif-du-poste\/nous-rejoindre\/","og_locale":"fr_FR","og_type":"article","og_title":"Rejoignez l'\u00e9quipe d'INOLIANS - Offres d'emploi","og_description":"D\u00e9couvrez les offres d'emploi chez INOLIANS et rejoignez une \u00e9quipe dynamique et passionn\u00e9e.","og_url":"https:\/\/www.inolians.com\/index.php\/descriptif-du-poste\/nous-rejoindre\/","og_site_name":"INOLIANS","article_modified_time":"2024-08-29T14:21:11+00:00","og_image":[{"url":"https:\/\/www.inolians.com\/wp-content\/uploads\/2024\/05\/LOGOS-INOLIANS12-1.png","type":"","width":"","height":""}],"twitter_card":"summary_large_image","twitter_misc":{"Dur\u00e9e de lecture estim\u00e9e":"1 minute"},"schema":{"@context":"https:\/\/schema.org","@graph":[{"@type":"WebPage","@id":"https:\/\/www.inolians.com\/index.php\/descriptif-du-poste\/nous-rejoindre\/","url":"https:\/\/www.inolians.com\/index.php\/descriptif-du-poste\/nous-rejoindre\/","name":"Rejoignez l'\u00e9quipe d'INOLIANS - Offres d'emploi","isPartOf":{"@id":"https:\/\/www.inolians.com\/#website"},"primaryImageOfPage":{"@id":"https:\/\/www.inolians.com\/index.php\/descriptif-du-poste\/nous-rejoindre\/#primaryimage"},"image":{"@id":"https:\/\/www.inolians.com\/index.php\/descriptif-du-poste\/nous-rejoindre\/#primaryimage"},"thumbnailUrl":"https:\/\/www.inolians.com\/wp-content\/uploads\/2024\/05\/LOGOS-INOLIANS12-1.png","datePublished":"2024-05-30T09:46:29+00:00","dateModified":"2024-08-29T14:21:11+00:00","description":"D\u00e9couvrez les offres d'emploi chez INOLIANS et rejoignez une \u00e9quipe dynamique et passionn\u00e9e.","breadcrumb":{"@id":"https:\/\/www.inolians.com\/index.php\/descriptif-du-poste\/nous-rejoindre\/#breadcrumb"},"inLanguage":"fr-FR","potentialAction":[{"@type":"ReadAction","target":["https:\/\/www.inolians.com\/index.php\/descriptif-du-poste\/nous-rejoindre\/"]}]},{"@type":"ImageObject","inLanguage":"fr-FR","@id":"https:\/\/www.inolians.com\/index.php\/descriptif-du-poste\/nous-rejoindre\/#primaryimage","url":"https:\/\/www.inolians.com\/wp-content\/uploads\/2024\/05\/LOGOS-INOLIANS12-1.png","contentUrl":"https:\/\/www.inolians.com\/wp-content\/uploads\/2024\/05\/LOGOS-INOLIANS12-1.png","width":990,"height":663},{"@type":"BreadcrumbList","@id":"https:\/\/www.inolians.com\/index.php\/descriptif-du-poste\/nous-rejoindre\/#breadcrumb","itemListElement":[{"@type":"ListItem","position":1,"name":"Accueil","item":"https:\/\/www.inolians.com\/"},{"@type":"ListItem","position":2,"name":"Offre d&#8217;emploi Consultant AMOA Syst\u00e8mes d&rsquo;Information","item":"https:\/\/www.inolians.com\/index.php\/descriptif-du-poste\/"},{"@type":"ListItem","position":3,"name":"Nous rejoindre"}]},{"@type":"WebSite","@id":"https:\/\/www.inolians.com\/#website","url":"https:\/\/www.inolians.com\/","name":"INOLIANS","description":"Conseil op\u00e9rationnel | Gestion de projet | Solutions S.I","publisher":{"@id":"https:\/\/www.inolians.com\/#organization"},"potentialAction":[{"@type":"SearchAction","target":{"@type":"EntryPoint","urlTemplate":"https:\/\/www.inolians.com\/?s={search_term_string}"},"query-input":{"@type":"PropertyValueSpecification","valueRequired":true,"valueName":"search_term_string"}}],"inLanguage":"fr-FR"},{"@type":"Organization","@id":"https:\/\/www.inolians.com\/#organization","name":"INOLIANS","url":"https:\/\/www.inolians.com\/","logo":{"@type":"ImageObject","inLanguage":"fr-FR","@id":"https:\/\/www.inolians.com\/#\/schema\/logo\/image\/","url":"https:\/\/www.inolians.com\/wp-content\/uploads\/2024\/05\/LOGOS-INOLIANS12-1.png","contentUrl":"https:\/\/www.inolians.com\/wp-content\/uploads\/2024\/05\/LOGOS-INOLIANS12-1.png","width":990,"height":663,"caption":"INOLIANS"},"image":{"@id":"https:\/\/www.inolians.com\/#\/schema\/logo\/image\/"}}]}},"_links":{"self":[{"href":"https:\/\/www.inolians.com\/index.php\/wp-json\/wp\/v2\/pages\/5693","targetHints":{"allow":["GET"]}}],"collection":[{"href":"https:\/\/www.inolians.com\/index.php\/wp-json\/wp\/v2\/pages"}],"about":[{"href":"https:\/\/www.inolians.com\/index.php\/wp-json\/wp\/v2\/types\/page"}],"author":[{"embeddable":true,"href":"https:\/\/www.inolians.com\/index.php\/wp-json\/wp\/v2\/users\/1"}],"replies":[{"embeddable":true,"href":"https:\/\/www.inolians.com\/index.php\/wp-json\/wp\/v2\/comments?post=5693"}],"version-history":[{"count":447,"href":"https:\/\/www.inolians.com\/index.php\/wp-json\/wp\/v2\/pages\/5693\/revisions"}],"predecessor-version":[{"id":9560,"href":"https:\/\/www.inolians.com\/index.php\/wp-json\/wp\/v2\/pages\/5693\/revisions\/9560"}],"up":[{"embeddable":true,"href":"https:\/\/www.inolians.com\/index.php\/wp-json\/wp\/v2\/pages\/7737"}],"wp:attachment":[{"href":"https:\/\/www.inolians.com\/index.php\/wp-json\/wp\/v2\/media?parent=5693"}],"curies":[{"name":"wp","href":"https:\/\/api.w.org\/{rel}","templated":true}]}}