{"id":5488,"date":"2024-05-29T11:52:17","date_gmt":"2024-05-29T09:52:17","guid":{"rendered":"http:\/\/znvosta.cluster023.hosting.ovh.net\/?page_id=5488"},"modified":"2024-09-27T15:53:32","modified_gmt":"2024-09-27T13:53:32","slug":"securite-des-systemes-dinformations","status":"publish","type":"page","link":"https:\/\/www.inolians.com\/index.php\/securite-des-systemes-dinformations\/","title":{"rendered":"S\u00e9curit\u00e9 des syst\u00e8mes d&#8217;informations"},"content":{"rendered":"\t\t<div data-elementor-type=\"wp-page\" data-elementor-id=\"5488\" class=\"elementor elementor-5488\" data-elementor-post-type=\"page\">\n\t\t\t\t<div class=\"elementor-element elementor-element-f9e0416 e-flex e-con-boxed e-con e-parent\" data-id=\"f9e0416\" data-element_type=\"container\" data-e-type=\"container\">\n\t\t\t\t\t<div class=\"e-con-inner\">\n\t\t<div class=\"elementor-element elementor-element-dad9f06 e-con-full e-flex e-con e-child\" data-id=\"dad9f06\" data-element_type=\"container\" data-e-type=\"container\" data-settings=\"{&quot;background_background&quot;:&quot;classic&quot;}\">\n\t\t\t\t<div class=\"elementor-element elementor-element-0b7fb61 elementor-widget elementor-widget-text-editor\" data-id=\"0b7fb61\" data-element_type=\"widget\" data-e-type=\"widget\" data-widget_type=\"text-editor.default\">\n\t\t\t\t<div class=\"elementor-widget-container\">\n\t\t\t\t\t\t\t\t\t<p>NOS SERVICES\u00a0<\/p>\t\t\t\t\t\t\t\t<\/div>\n\t\t\t\t<\/div>\n\t\t\t\t<div class=\"elementor-element elementor-element-0b45163 elementor-widget elementor-widget-heading\" data-id=\"0b45163\" data-element_type=\"widget\" data-e-type=\"widget\" data-widget_type=\"heading.default\">\n\t\t\t\t<div class=\"elementor-widget-container\">\n\t\t\t\t\t<h2 class=\"elementor-heading-title elementor-size-default\">S\u00e9curit\u00e9 des syt\u00e8mes d'informations <\/h2>\t\t\t\t<\/div>\n\t\t\t\t<\/div>\n\t\t\t\t<div class=\"elementor-element elementor-element-93064c4 elementor-widget elementor-widget-text-editor\" data-id=\"93064c4\" data-element_type=\"widget\" data-e-type=\"widget\" data-widget_type=\"text-editor.default\">\n\t\t\t\t<div class=\"elementor-widget-container\">\n\t\t\t\t\t\t\t\t\t<p>En s\u2019appuyant sur l\u2019exp\u00e9rience de ses consultants, INOLIANS accompagne ses clients dans le cadre de missions d\u2019audit ou de r\u00e9flexion strat\u00e9gique \/ sch\u00e9ma directeur :<br \/>L\u2019\u00e9volution et la transformation de leurs organisations, en particulier S.I.<br \/>La red\u00e9finition de leurs processus.<br \/>La d\u00e9finition d\u2019une strat\u00e9gie S.I ou globale, en coh\u00e9rence avec les enjeux strat\u00e9giques de l\u2019organisation, et formalis\u00e9e via un portefeuille de projet.<br \/>La mise en \u0153uvre d\u2019une gouvernance adapt\u00e9e \u00e0 leurs sp\u00e9cificit\u00e9s.<\/p>\t\t\t\t\t\t\t\t<\/div>\n\t\t\t\t<\/div>\n\t\t\t\t<\/div>\n\t\t<div class=\"elementor-element elementor-element-975f0b2 e-con-full e-flex e-con e-child\" data-id=\"975f0b2\" data-element_type=\"container\" data-e-type=\"container\">\n\t\t\t\t<div class=\"elementor-element elementor-element-64ffd00 elementor-widget elementor-widget-image\" data-id=\"64ffd00\" data-element_type=\"widget\" data-e-type=\"widget\" data-widget_type=\"image.default\">\n\t\t\t\t<div class=\"elementor-widget-container\">\n\t\t\t\t\t\t\t\t\t\t\t\t\t\t\t<img fetchpriority=\"high\" decoding=\"async\" width=\"1024\" height=\"772\" src=\"https:\/\/www.inolians.com\/wp-content\/uploads\/2024\/09\/Capture-decran-2024-09-27-a-15.05.33-1024x772.png\" class=\"attachment-large size-large wp-image-9722\" alt=\"\" srcset=\"https:\/\/www.inolians.com\/wp-content\/uploads\/2024\/09\/Capture-decran-2024-09-27-a-15.05.33-1024x772.png 1024w, https:\/\/www.inolians.com\/wp-content\/uploads\/2024\/09\/Capture-decran-2024-09-27-a-15.05.33-300x226.png 300w, https:\/\/www.inolians.com\/wp-content\/uploads\/2024\/09\/Capture-decran-2024-09-27-a-15.05.33-768x579.png 768w, https:\/\/www.inolians.com\/wp-content\/uploads\/2024\/09\/Capture-decran-2024-09-27-a-15.05.33-600x452.png 600w, https:\/\/www.inolians.com\/wp-content\/uploads\/2024\/09\/Capture-decran-2024-09-27-a-15.05.33.png 1178w\" sizes=\"(max-width: 1024px) 100vw, 1024px\" \/>\t\t\t\t\t\t\t\t\t\t\t\t\t\t\t<\/div>\n\t\t\t\t<\/div>\n\t\t\t\t<\/div>\n\t\t\t\t\t<\/div>\n\t\t\t\t<\/div>\n\t\t<div class=\"elementor-element elementor-element-0a261a0 e-flex e-con-boxed e-con e-parent\" data-id=\"0a261a0\" data-element_type=\"container\" data-e-type=\"container\">\n\t\t\t\t\t<div class=\"e-con-inner\">\n\t\t\t\t<div class=\"elementor-element elementor-element-ee829ed elementor-widget elementor-widget-image\" data-id=\"ee829ed\" data-element_type=\"widget\" data-e-type=\"widget\" data-widget_type=\"image.default\">\n\t\t\t\t<div class=\"elementor-widget-container\">\n\t\t\t\t\t\t\t\t\t\t\t\t\t\t\t<img decoding=\"async\" width=\"837\" height=\"832\" src=\"https:\/\/www.inolians.com\/wp-content\/uploads\/2024\/06\/Capture-decran-2024-06-20-094147.png\" class=\"attachment-large size-large wp-image-7642\" alt=\"\" srcset=\"https:\/\/www.inolians.com\/wp-content\/uploads\/2024\/06\/Capture-decran-2024-06-20-094147.png 837w, https:\/\/www.inolians.com\/wp-content\/uploads\/2024\/06\/Capture-decran-2024-06-20-094147-300x298.png 300w, https:\/\/www.inolians.com\/wp-content\/uploads\/2024\/06\/Capture-decran-2024-06-20-094147-150x150.png 150w, https:\/\/www.inolians.com\/wp-content\/uploads\/2024\/06\/Capture-decran-2024-06-20-094147-768x763.png 768w, https:\/\/www.inolians.com\/wp-content\/uploads\/2024\/06\/Capture-decran-2024-06-20-094147-600x596.png 600w, https:\/\/www.inolians.com\/wp-content\/uploads\/2024\/06\/Capture-decran-2024-06-20-094147-100x100.png 100w\" sizes=\"(max-width: 837px) 100vw, 837px\" \/>\t\t\t\t\t\t\t\t\t\t\t\t\t\t\t<\/div>\n\t\t\t\t<\/div>\n\t\t\t\t\t<\/div>\n\t\t\t\t<\/div>\n\t\t\t\t<\/div>\n\t\t","protected":false},"excerpt":{"rendered":"<p>NOS SERVICES\u00a0 S\u00e9curit\u00e9 des syt\u00e8mes d&#8217;informations En s\u2019appuyant sur l\u2019exp\u00e9rience de ses consultants, INOLIANS accompagne ses clients dans le cadre de missions d\u2019audit ou de r\u00e9flexion strat\u00e9gique \/ sch\u00e9ma directeur :L\u2019\u00e9volution et la transformation de leurs organisations, en particulier S.I.La red\u00e9finition de leurs processus.La d\u00e9finition d\u2019une strat\u00e9gie S.I ou globale, en coh\u00e9rence avec les enjeux [&hellip;]<\/p>\n","protected":false},"author":1,"featured_media":0,"parent":0,"menu_order":0,"comment_status":"closed","ping_status":"closed","template":"","meta":{"_monsterinsights_skip_tracking":false,"_monsterinsights_sitenote_active":false,"_monsterinsights_sitenote_note":"","_monsterinsights_sitenote_category":0,"footnotes":""},"class_list":["post-5488","page","type-page","status-publish","hentry"],"blocksy_meta":[],"yoast_head":"<!-- This site is optimized with the Yoast SEO plugin v27.5 - https:\/\/yoast.com\/product\/yoast-seo-wordpress\/ -->\n<title>S\u00e9curit\u00e9 des syst\u00e8mes d&#039;informations - INOLIANS<\/title>\n<meta name=\"description\" content=\"Sur les domaines de la s\u00e9curit\u00e9, de la conformit\u00e9 et des risques op\u00e9rationnels, INOLIANS intervient tant en audit ponctuel qu\u2019en expertise et suivi de mise en \u0153uvre de plan d\u2019action de mitigation.\" \/>\n<meta name=\"robots\" content=\"index, follow, max-snippet:-1, max-image-preview:large, max-video-preview:-1\" \/>\n<link rel=\"canonical\" href=\"https:\/\/www.inolians.com\/index.php\/securite-des-systemes-dinformations\/\" \/>\n<meta property=\"og:locale\" content=\"fr_FR\" \/>\n<meta property=\"og:type\" content=\"article\" \/>\n<meta property=\"og:title\" content=\"S\u00e9curit\u00e9 des syst\u00e8mes d&#039;informations - INOLIANS\" \/>\n<meta property=\"og:description\" content=\"Sur les domaines de la s\u00e9curit\u00e9, de la conformit\u00e9 et des risques op\u00e9rationnels, INOLIANS intervient tant en audit ponctuel qu\u2019en expertise et suivi de mise en \u0153uvre de plan d\u2019action de mitigation.\" \/>\n<meta property=\"og:url\" content=\"https:\/\/www.inolians.com\/index.php\/securite-des-systemes-dinformations\/\" \/>\n<meta property=\"og:site_name\" content=\"INOLIANS\" \/>\n<meta property=\"article:modified_time\" content=\"2024-09-27T13:53:32+00:00\" \/>\n<meta property=\"og:image\" content=\"https:\/\/www.inolians.com\/wp-content\/uploads\/2024\/09\/Capture-decran-2024-09-27-a-15.05.33-1024x772.png\" \/>\n<meta name=\"twitter:card\" content=\"summary_large_image\" \/>\n<meta name=\"twitter:label1\" content=\"Dur\u00e9e de lecture estim\u00e9e\" \/>\n\t<meta name=\"twitter:data1\" content=\"1 minute\" \/>\n<script type=\"application\/ld+json\" class=\"yoast-schema-graph\">{\"@context\":\"https:\\\/\\\/schema.org\",\"@graph\":[{\"@type\":\"WebPage\",\"@id\":\"https:\\\/\\\/www.inolians.com\\\/index.php\\\/securite-des-systemes-dinformations\\\/\",\"url\":\"https:\\\/\\\/www.inolians.com\\\/index.php\\\/securite-des-systemes-dinformations\\\/\",\"name\":\"S\u00e9curit\u00e9 des syst\u00e8mes d'informations - INOLIANS\",\"isPartOf\":{\"@id\":\"https:\\\/\\\/www.inolians.com\\\/#website\"},\"primaryImageOfPage\":{\"@id\":\"https:\\\/\\\/www.inolians.com\\\/index.php\\\/securite-des-systemes-dinformations\\\/#primaryimage\"},\"image\":{\"@id\":\"https:\\\/\\\/www.inolians.com\\\/index.php\\\/securite-des-systemes-dinformations\\\/#primaryimage\"},\"thumbnailUrl\":\"https:\\\/\\\/www.inolians.com\\\/wp-content\\\/uploads\\\/2024\\\/09\\\/Capture-decran-2024-09-27-a-15.05.33-1024x772.png\",\"datePublished\":\"2024-05-29T09:52:17+00:00\",\"dateModified\":\"2024-09-27T13:53:32+00:00\",\"description\":\"Sur les domaines de la s\u00e9curit\u00e9, de la conformit\u00e9 et des risques op\u00e9rationnels, INOLIANS intervient tant en audit ponctuel qu\u2019en expertise et suivi de mise en \u0153uvre de plan d\u2019action de mitigation.\",\"breadcrumb\":{\"@id\":\"https:\\\/\\\/www.inolians.com\\\/index.php\\\/securite-des-systemes-dinformations\\\/#breadcrumb\"},\"inLanguage\":\"fr-FR\",\"potentialAction\":[{\"@type\":\"ReadAction\",\"target\":[\"https:\\\/\\\/www.inolians.com\\\/index.php\\\/securite-des-systemes-dinformations\\\/\"]}]},{\"@type\":\"ImageObject\",\"inLanguage\":\"fr-FR\",\"@id\":\"https:\\\/\\\/www.inolians.com\\\/index.php\\\/securite-des-systemes-dinformations\\\/#primaryimage\",\"url\":\"https:\\\/\\\/www.inolians.com\\\/wp-content\\\/uploads\\\/2024\\\/09\\\/Capture-decran-2024-09-27-a-15.05.33.png\",\"contentUrl\":\"https:\\\/\\\/www.inolians.com\\\/wp-content\\\/uploads\\\/2024\\\/09\\\/Capture-decran-2024-09-27-a-15.05.33.png\",\"width\":1178,\"height\":888},{\"@type\":\"BreadcrumbList\",\"@id\":\"https:\\\/\\\/www.inolians.com\\\/index.php\\\/securite-des-systemes-dinformations\\\/#breadcrumb\",\"itemListElement\":[{\"@type\":\"ListItem\",\"position\":1,\"name\":\"Accueil\",\"item\":\"https:\\\/\\\/www.inolians.com\\\/\"},{\"@type\":\"ListItem\",\"position\":2,\"name\":\"S\u00e9curit\u00e9 des syst\u00e8mes d&rsquo;informations\"}]},{\"@type\":\"WebSite\",\"@id\":\"https:\\\/\\\/www.inolians.com\\\/#website\",\"url\":\"https:\\\/\\\/www.inolians.com\\\/\",\"name\":\"INOLIANS\",\"description\":\"Conseil op\u00e9rationnel | Gestion de projet | Solutions S.I\",\"publisher\":{\"@id\":\"https:\\\/\\\/www.inolians.com\\\/#organization\"},\"potentialAction\":[{\"@type\":\"SearchAction\",\"target\":{\"@type\":\"EntryPoint\",\"urlTemplate\":\"https:\\\/\\\/www.inolians.com\\\/?s={search_term_string}\"},\"query-input\":{\"@type\":\"PropertyValueSpecification\",\"valueRequired\":true,\"valueName\":\"search_term_string\"}}],\"inLanguage\":\"fr-FR\"},{\"@type\":\"Organization\",\"@id\":\"https:\\\/\\\/www.inolians.com\\\/#organization\",\"name\":\"INOLIANS\",\"url\":\"https:\\\/\\\/www.inolians.com\\\/\",\"logo\":{\"@type\":\"ImageObject\",\"inLanguage\":\"fr-FR\",\"@id\":\"https:\\\/\\\/www.inolians.com\\\/#\\\/schema\\\/logo\\\/image\\\/\",\"url\":\"https:\\\/\\\/www.inolians.com\\\/wp-content\\\/uploads\\\/2024\\\/05\\\/LOGOS-INOLIANS12-1.png\",\"contentUrl\":\"https:\\\/\\\/www.inolians.com\\\/wp-content\\\/uploads\\\/2024\\\/05\\\/LOGOS-INOLIANS12-1.png\",\"width\":990,\"height\":663,\"caption\":\"INOLIANS\"},\"image\":{\"@id\":\"https:\\\/\\\/www.inolians.com\\\/#\\\/schema\\\/logo\\\/image\\\/\"}}]}<\/script>\n<!-- \/ Yoast SEO plugin. -->","yoast_head_json":{"title":"S\u00e9curit\u00e9 des syst\u00e8mes d'informations - INOLIANS","description":"Sur les domaines de la s\u00e9curit\u00e9, de la conformit\u00e9 et des risques op\u00e9rationnels, INOLIANS intervient tant en audit ponctuel qu\u2019en expertise et suivi de mise en \u0153uvre de plan d\u2019action de mitigation.","robots":{"index":"index","follow":"follow","max-snippet":"max-snippet:-1","max-image-preview":"max-image-preview:large","max-video-preview":"max-video-preview:-1"},"canonical":"https:\/\/www.inolians.com\/index.php\/securite-des-systemes-dinformations\/","og_locale":"fr_FR","og_type":"article","og_title":"S\u00e9curit\u00e9 des syst\u00e8mes d'informations - INOLIANS","og_description":"Sur les domaines de la s\u00e9curit\u00e9, de la conformit\u00e9 et des risques op\u00e9rationnels, INOLIANS intervient tant en audit ponctuel qu\u2019en expertise et suivi de mise en \u0153uvre de plan d\u2019action de mitigation.","og_url":"https:\/\/www.inolians.com\/index.php\/securite-des-systemes-dinformations\/","og_site_name":"INOLIANS","article_modified_time":"2024-09-27T13:53:32+00:00","og_image":[{"url":"https:\/\/www.inolians.com\/wp-content\/uploads\/2024\/09\/Capture-decran-2024-09-27-a-15.05.33-1024x772.png","type":"","width":"","height":""}],"twitter_card":"summary_large_image","twitter_misc":{"Dur\u00e9e de lecture estim\u00e9e":"1 minute"},"schema":{"@context":"https:\/\/schema.org","@graph":[{"@type":"WebPage","@id":"https:\/\/www.inolians.com\/index.php\/securite-des-systemes-dinformations\/","url":"https:\/\/www.inolians.com\/index.php\/securite-des-systemes-dinformations\/","name":"S\u00e9curit\u00e9 des syst\u00e8mes d'informations - INOLIANS","isPartOf":{"@id":"https:\/\/www.inolians.com\/#website"},"primaryImageOfPage":{"@id":"https:\/\/www.inolians.com\/index.php\/securite-des-systemes-dinformations\/#primaryimage"},"image":{"@id":"https:\/\/www.inolians.com\/index.php\/securite-des-systemes-dinformations\/#primaryimage"},"thumbnailUrl":"https:\/\/www.inolians.com\/wp-content\/uploads\/2024\/09\/Capture-decran-2024-09-27-a-15.05.33-1024x772.png","datePublished":"2024-05-29T09:52:17+00:00","dateModified":"2024-09-27T13:53:32+00:00","description":"Sur les domaines de la s\u00e9curit\u00e9, de la conformit\u00e9 et des risques op\u00e9rationnels, INOLIANS intervient tant en audit ponctuel qu\u2019en expertise et suivi de mise en \u0153uvre de plan d\u2019action de mitigation.","breadcrumb":{"@id":"https:\/\/www.inolians.com\/index.php\/securite-des-systemes-dinformations\/#breadcrumb"},"inLanguage":"fr-FR","potentialAction":[{"@type":"ReadAction","target":["https:\/\/www.inolians.com\/index.php\/securite-des-systemes-dinformations\/"]}]},{"@type":"ImageObject","inLanguage":"fr-FR","@id":"https:\/\/www.inolians.com\/index.php\/securite-des-systemes-dinformations\/#primaryimage","url":"https:\/\/www.inolians.com\/wp-content\/uploads\/2024\/09\/Capture-decran-2024-09-27-a-15.05.33.png","contentUrl":"https:\/\/www.inolians.com\/wp-content\/uploads\/2024\/09\/Capture-decran-2024-09-27-a-15.05.33.png","width":1178,"height":888},{"@type":"BreadcrumbList","@id":"https:\/\/www.inolians.com\/index.php\/securite-des-systemes-dinformations\/#breadcrumb","itemListElement":[{"@type":"ListItem","position":1,"name":"Accueil","item":"https:\/\/www.inolians.com\/"},{"@type":"ListItem","position":2,"name":"S\u00e9curit\u00e9 des syst\u00e8mes d&rsquo;informations"}]},{"@type":"WebSite","@id":"https:\/\/www.inolians.com\/#website","url":"https:\/\/www.inolians.com\/","name":"INOLIANS","description":"Conseil op\u00e9rationnel | Gestion de projet | Solutions S.I","publisher":{"@id":"https:\/\/www.inolians.com\/#organization"},"potentialAction":[{"@type":"SearchAction","target":{"@type":"EntryPoint","urlTemplate":"https:\/\/www.inolians.com\/?s={search_term_string}"},"query-input":{"@type":"PropertyValueSpecification","valueRequired":true,"valueName":"search_term_string"}}],"inLanguage":"fr-FR"},{"@type":"Organization","@id":"https:\/\/www.inolians.com\/#organization","name":"INOLIANS","url":"https:\/\/www.inolians.com\/","logo":{"@type":"ImageObject","inLanguage":"fr-FR","@id":"https:\/\/www.inolians.com\/#\/schema\/logo\/image\/","url":"https:\/\/www.inolians.com\/wp-content\/uploads\/2024\/05\/LOGOS-INOLIANS12-1.png","contentUrl":"https:\/\/www.inolians.com\/wp-content\/uploads\/2024\/05\/LOGOS-INOLIANS12-1.png","width":990,"height":663,"caption":"INOLIANS"},"image":{"@id":"https:\/\/www.inolians.com\/#\/schema\/logo\/image\/"}}]}},"_links":{"self":[{"href":"https:\/\/www.inolians.com\/index.php\/wp-json\/wp\/v2\/pages\/5488","targetHints":{"allow":["GET"]}}],"collection":[{"href":"https:\/\/www.inolians.com\/index.php\/wp-json\/wp\/v2\/pages"}],"about":[{"href":"https:\/\/www.inolians.com\/index.php\/wp-json\/wp\/v2\/types\/page"}],"author":[{"embeddable":true,"href":"https:\/\/www.inolians.com\/index.php\/wp-json\/wp\/v2\/users\/1"}],"replies":[{"embeddable":true,"href":"https:\/\/www.inolians.com\/index.php\/wp-json\/wp\/v2\/comments?post=5488"}],"version-history":[{"count":47,"href":"https:\/\/www.inolians.com\/index.php\/wp-json\/wp\/v2\/pages\/5488\/revisions"}],"predecessor-version":[{"id":9742,"href":"https:\/\/www.inolians.com\/index.php\/wp-json\/wp\/v2\/pages\/5488\/revisions\/9742"}],"wp:attachment":[{"href":"https:\/\/www.inolians.com\/index.php\/wp-json\/wp\/v2\/media?parent=5488"}],"curies":[{"name":"wp","href":"https:\/\/api.w.org\/{rel}","templated":true}]}}