{"id":5464,"date":"2024-05-29T11:35:54","date_gmt":"2024-05-29T09:35:54","guid":{"rendered":"http:\/\/znvosta.cluster023.hosting.ovh.net\/?page_id=5464"},"modified":"2024-09-27T14:57:48","modified_gmt":"2024-09-27T12:57:48","slug":"conformite-des-donnees-en-assurance","status":"publish","type":"page","link":"https:\/\/www.inolians.com\/index.php\/conformite-des-donnees-en-assurance\/","title":{"rendered":"Conformit\u00e9 des donn\u00e9es en assurance"},"content":{"rendered":"\t\t<div data-elementor-type=\"wp-page\" data-elementor-id=\"5464\" class=\"elementor elementor-5464\" data-elementor-post-type=\"page\">\n\t\t\t\t<div class=\"elementor-element elementor-element-d380d80 e-flex e-con-boxed e-con e-parent\" data-id=\"d380d80\" data-element_type=\"container\" data-e-type=\"container\">\n\t\t\t\t\t<div class=\"e-con-inner\">\n\t\t<div class=\"elementor-element elementor-element-6757562 e-con-full e-flex e-con e-child\" data-id=\"6757562\" data-element_type=\"container\" data-e-type=\"container\" data-settings=\"{&quot;background_background&quot;:&quot;classic&quot;}\">\n\t\t\t\t<div class=\"elementor-element elementor-element-eecf1f8 elementor-widget elementor-widget-text-editor\" data-id=\"eecf1f8\" data-element_type=\"widget\" data-e-type=\"widget\" data-widget_type=\"text-editor.default\">\n\t\t\t\t<div class=\"elementor-widget-container\">\n\t\t\t\t\t\t\t\t\t<p>NOS SERVICES<\/p>\t\t\t\t\t\t\t\t<\/div>\n\t\t\t\t<\/div>\n\t\t\t\t<div class=\"elementor-element elementor-element-70bc200 elementor-widget elementor-widget-heading\" data-id=\"70bc200\" data-element_type=\"widget\" data-e-type=\"widget\" data-widget_type=\"heading.default\">\n\t\t\t\t<div class=\"elementor-widget-container\">\n\t\t\t\t\t<h2 class=\"elementor-heading-title elementor-size-default\">Conformit\u00e9 et qualit\u00e9 des flux professionnels Assurance  <\/h2>\t\t\t\t<\/div>\n\t\t\t\t<\/div>\n\t\t\t\t<div class=\"elementor-element elementor-element-e6bdb49 elementor-widget__width-initial elementor-widget elementor-widget-text-editor\" data-id=\"e6bdb49\" data-element_type=\"widget\" data-e-type=\"widget\" data-widget_type=\"text-editor.default\">\n\t\t\t\t<div class=\"elementor-widget-container\">\n\t\t\t\t\t\t\t\t\t<p>Nous mettons en \u0153uvre un syst\u00e8me de pilotage et de suivi de la conformit\u00e9 des \u00e9changes s\u2019adaptant aux sp\u00e9cificit\u00e9s de chaque assureur.\u200b<br \/>Les objectifs :\u00a0\u200b<br \/>Am\u00e9liorer le suivi des \u00e9changes entre le Syst\u00e8me d\u2019Information d\u2019un Assureur et les dispositifs r\u00e9glementaires, conventionnels et professionnels qu\u2019il est tenu d\u2019alimenter et de consulter.\u00a0\u200b<br \/>D\u00e9tecter la non-qualit\u00e9, l\u2019incoh\u00e9rence entre flux\u200b<br \/>Piloter la gestion des rejets et de la non-qualit\u00e9\u200b<br \/>Suivre les obligations de conformit\u00e9\u200b<\/p>\t\t\t\t\t\t\t\t<\/div>\n\t\t\t\t<\/div>\n\t\t\t\t<\/div>\n\t\t<div class=\"elementor-element elementor-element-c2af0aa e-con-full e-flex e-con e-child\" data-id=\"c2af0aa\" data-element_type=\"container\" data-e-type=\"container\">\n\t\t\t\t<div class=\"elementor-element elementor-element-e04b1ad elementor-widget elementor-widget-image\" data-id=\"e04b1ad\" data-element_type=\"widget\" data-e-type=\"widget\" data-widget_type=\"image.default\">\n\t\t\t\t<div class=\"elementor-widget-container\">\n\t\t\t\t\t\t\t\t\t\t\t\t\t\t\t<img fetchpriority=\"high\" decoding=\"async\" width=\"1710\" height=\"1016\" src=\"https:\/\/www.inolians.com\/wp-content\/uploads\/2024\/09\/Capture-decran-2024-09-27-a-14.06.40-1.png\" class=\"attachment-full size-full wp-image-9700\" alt=\"\" srcset=\"https:\/\/www.inolians.com\/wp-content\/uploads\/2024\/09\/Capture-decran-2024-09-27-a-14.06.40-1.png 1710w, https:\/\/www.inolians.com\/wp-content\/uploads\/2024\/09\/Capture-decran-2024-09-27-a-14.06.40-1-300x178.png 300w, https:\/\/www.inolians.com\/wp-content\/uploads\/2024\/09\/Capture-decran-2024-09-27-a-14.06.40-1-1024x608.png 1024w, https:\/\/www.inolians.com\/wp-content\/uploads\/2024\/09\/Capture-decran-2024-09-27-a-14.06.40-1-768x456.png 768w, https:\/\/www.inolians.com\/wp-content\/uploads\/2024\/09\/Capture-decran-2024-09-27-a-14.06.40-1-1536x913.png 1536w, https:\/\/www.inolians.com\/wp-content\/uploads\/2024\/09\/Capture-decran-2024-09-27-a-14.06.40-1-600x356.png 600w\" sizes=\"(max-width: 1710px) 100vw, 1710px\" \/>\t\t\t\t\t\t\t\t\t\t\t\t\t\t\t<\/div>\n\t\t\t\t<\/div>\n\t\t\t\t<\/div>\n\t\t\t\t\t<\/div>\n\t\t\t\t<\/div>\n\t\t\t\t<\/div>\n\t\t","protected":false},"excerpt":{"rendered":"<p>NOS SERVICES Conformit\u00e9 et qualit\u00e9 des flux professionnels Assurance Nous mettons en \u0153uvre un syst\u00e8me de pilotage et de suivi de la conformit\u00e9 des \u00e9changes s\u2019adaptant aux sp\u00e9cificit\u00e9s de chaque assureur.\u200bLes objectifs :\u00a0\u200bAm\u00e9liorer le suivi des \u00e9changes entre le Syst\u00e8me d\u2019Information d\u2019un Assureur et les dispositifs r\u00e9glementaires, conventionnels et professionnels qu\u2019il est tenu d\u2019alimenter et [&hellip;]<\/p>\n","protected":false},"author":1,"featured_media":0,"parent":0,"menu_order":0,"comment_status":"closed","ping_status":"closed","template":"","meta":{"_monsterinsights_skip_tracking":false,"_monsterinsights_sitenote_active":false,"_monsterinsights_sitenote_note":"","_monsterinsights_sitenote_category":0,"footnotes":""},"class_list":["post-5464","page","type-page","status-publish","hentry"],"blocksy_meta":[],"yoast_head":"<!-- This site is optimized with the Yoast SEO plugin v27.5 - https:\/\/yoast.com\/product\/yoast-seo-wordpress\/ -->\n<title>Conformit\u00e9 des donn\u00e9es en assurance - INOLIANS<\/title>\n<meta name=\"robots\" content=\"index, follow, max-snippet:-1, max-image-preview:large, max-video-preview:-1\" \/>\n<link rel=\"canonical\" href=\"https:\/\/www.inolians.com\/index.php\/conformite-des-donnees-en-assurance\/\" \/>\n<meta property=\"og:locale\" content=\"fr_FR\" \/>\n<meta property=\"og:type\" content=\"article\" \/>\n<meta property=\"og:title\" content=\"Conformit\u00e9 des donn\u00e9es en assurance - INOLIANS\" \/>\n<meta property=\"og:description\" content=\"NOS SERVICES Conformit\u00e9 et qualit\u00e9 des flux professionnels Assurance Nous mettons en \u0153uvre un syst\u00e8me de pilotage et de suivi de la conformit\u00e9 des \u00e9changes s\u2019adaptant aux sp\u00e9cificit\u00e9s de chaque assureur.\u200bLes objectifs :\u00a0\u200bAm\u00e9liorer le suivi des \u00e9changes entre le Syst\u00e8me d\u2019Information d\u2019un Assureur et les dispositifs r\u00e9glementaires, conventionnels et professionnels qu\u2019il est tenu d\u2019alimenter et [&hellip;]\" \/>\n<meta property=\"og:url\" content=\"https:\/\/www.inolians.com\/index.php\/conformite-des-donnees-en-assurance\/\" \/>\n<meta property=\"og:site_name\" content=\"INOLIANS\" \/>\n<meta property=\"article:modified_time\" content=\"2024-09-27T12:57:48+00:00\" \/>\n<meta property=\"og:image\" content=\"https:\/\/www.inolians.com\/wp-content\/uploads\/2024\/09\/Capture-decran-2024-09-27-a-14.06.40-1.png\" \/>\n<meta name=\"twitter:card\" content=\"summary_large_image\" \/>\n<meta name=\"twitter:label1\" content=\"Dur\u00e9e de lecture estim\u00e9e\" \/>\n\t<meta name=\"twitter:data1\" content=\"1 minute\" \/>\n<script type=\"application\/ld+json\" class=\"yoast-schema-graph\">{\"@context\":\"https:\\\/\\\/schema.org\",\"@graph\":[{\"@type\":\"WebPage\",\"@id\":\"https:\\\/\\\/www.inolians.com\\\/index.php\\\/conformite-des-donnees-en-assurance\\\/\",\"url\":\"https:\\\/\\\/www.inolians.com\\\/index.php\\\/conformite-des-donnees-en-assurance\\\/\",\"name\":\"Conformit\u00e9 des donn\u00e9es en assurance - INOLIANS\",\"isPartOf\":{\"@id\":\"https:\\\/\\\/www.inolians.com\\\/#website\"},\"primaryImageOfPage\":{\"@id\":\"https:\\\/\\\/www.inolians.com\\\/index.php\\\/conformite-des-donnees-en-assurance\\\/#primaryimage\"},\"image\":{\"@id\":\"https:\\\/\\\/www.inolians.com\\\/index.php\\\/conformite-des-donnees-en-assurance\\\/#primaryimage\"},\"thumbnailUrl\":\"https:\\\/\\\/www.inolians.com\\\/wp-content\\\/uploads\\\/2024\\\/09\\\/Capture-decran-2024-09-27-a-14.06.40-1.png\",\"datePublished\":\"2024-05-29T09:35:54+00:00\",\"dateModified\":\"2024-09-27T12:57:48+00:00\",\"breadcrumb\":{\"@id\":\"https:\\\/\\\/www.inolians.com\\\/index.php\\\/conformite-des-donnees-en-assurance\\\/#breadcrumb\"},\"inLanguage\":\"fr-FR\",\"potentialAction\":[{\"@type\":\"ReadAction\",\"target\":[\"https:\\\/\\\/www.inolians.com\\\/index.php\\\/conformite-des-donnees-en-assurance\\\/\"]}]},{\"@type\":\"ImageObject\",\"inLanguage\":\"fr-FR\",\"@id\":\"https:\\\/\\\/www.inolians.com\\\/index.php\\\/conformite-des-donnees-en-assurance\\\/#primaryimage\",\"url\":\"https:\\\/\\\/www.inolians.com\\\/wp-content\\\/uploads\\\/2024\\\/09\\\/Capture-decran-2024-09-27-a-14.06.40-1.png\",\"contentUrl\":\"https:\\\/\\\/www.inolians.com\\\/wp-content\\\/uploads\\\/2024\\\/09\\\/Capture-decran-2024-09-27-a-14.06.40-1.png\",\"width\":1710,\"height\":1016},{\"@type\":\"BreadcrumbList\",\"@id\":\"https:\\\/\\\/www.inolians.com\\\/index.php\\\/conformite-des-donnees-en-assurance\\\/#breadcrumb\",\"itemListElement\":[{\"@type\":\"ListItem\",\"position\":1,\"name\":\"Accueil\",\"item\":\"https:\\\/\\\/www.inolians.com\\\/\"},{\"@type\":\"ListItem\",\"position\":2,\"name\":\"Conformit\u00e9 des donn\u00e9es en assurance\"}]},{\"@type\":\"WebSite\",\"@id\":\"https:\\\/\\\/www.inolians.com\\\/#website\",\"url\":\"https:\\\/\\\/www.inolians.com\\\/\",\"name\":\"INOLIANS\",\"description\":\"Conseil op\u00e9rationnel | Gestion de projet | Solutions S.I\",\"publisher\":{\"@id\":\"https:\\\/\\\/www.inolians.com\\\/#organization\"},\"potentialAction\":[{\"@type\":\"SearchAction\",\"target\":{\"@type\":\"EntryPoint\",\"urlTemplate\":\"https:\\\/\\\/www.inolians.com\\\/?s={search_term_string}\"},\"query-input\":{\"@type\":\"PropertyValueSpecification\",\"valueRequired\":true,\"valueName\":\"search_term_string\"}}],\"inLanguage\":\"fr-FR\"},{\"@type\":\"Organization\",\"@id\":\"https:\\\/\\\/www.inolians.com\\\/#organization\",\"name\":\"INOLIANS\",\"url\":\"https:\\\/\\\/www.inolians.com\\\/\",\"logo\":{\"@type\":\"ImageObject\",\"inLanguage\":\"fr-FR\",\"@id\":\"https:\\\/\\\/www.inolians.com\\\/#\\\/schema\\\/logo\\\/image\\\/\",\"url\":\"https:\\\/\\\/www.inolians.com\\\/wp-content\\\/uploads\\\/2024\\\/05\\\/LOGOS-INOLIANS12-1.png\",\"contentUrl\":\"https:\\\/\\\/www.inolians.com\\\/wp-content\\\/uploads\\\/2024\\\/05\\\/LOGOS-INOLIANS12-1.png\",\"width\":990,\"height\":663,\"caption\":\"INOLIANS\"},\"image\":{\"@id\":\"https:\\\/\\\/www.inolians.com\\\/#\\\/schema\\\/logo\\\/image\\\/\"}}]}<\/script>\n<!-- \/ Yoast SEO plugin. -->","yoast_head_json":{"title":"Conformit\u00e9 des donn\u00e9es en assurance - INOLIANS","robots":{"index":"index","follow":"follow","max-snippet":"max-snippet:-1","max-image-preview":"max-image-preview:large","max-video-preview":"max-video-preview:-1"},"canonical":"https:\/\/www.inolians.com\/index.php\/conformite-des-donnees-en-assurance\/","og_locale":"fr_FR","og_type":"article","og_title":"Conformit\u00e9 des donn\u00e9es en assurance - INOLIANS","og_description":"NOS SERVICES Conformit\u00e9 et qualit\u00e9 des flux professionnels Assurance Nous mettons en \u0153uvre un syst\u00e8me de pilotage et de suivi de la conformit\u00e9 des \u00e9changes s\u2019adaptant aux sp\u00e9cificit\u00e9s de chaque assureur.\u200bLes objectifs :\u00a0\u200bAm\u00e9liorer le suivi des \u00e9changes entre le Syst\u00e8me d\u2019Information d\u2019un Assureur et les dispositifs r\u00e9glementaires, conventionnels et professionnels qu\u2019il est tenu d\u2019alimenter et [&hellip;]","og_url":"https:\/\/www.inolians.com\/index.php\/conformite-des-donnees-en-assurance\/","og_site_name":"INOLIANS","article_modified_time":"2024-09-27T12:57:48+00:00","og_image":[{"url":"https:\/\/www.inolians.com\/wp-content\/uploads\/2024\/09\/Capture-decran-2024-09-27-a-14.06.40-1.png","type":"","width":"","height":""}],"twitter_card":"summary_large_image","twitter_misc":{"Dur\u00e9e de lecture estim\u00e9e":"1 minute"},"schema":{"@context":"https:\/\/schema.org","@graph":[{"@type":"WebPage","@id":"https:\/\/www.inolians.com\/index.php\/conformite-des-donnees-en-assurance\/","url":"https:\/\/www.inolians.com\/index.php\/conformite-des-donnees-en-assurance\/","name":"Conformit\u00e9 des donn\u00e9es en assurance - INOLIANS","isPartOf":{"@id":"https:\/\/www.inolians.com\/#website"},"primaryImageOfPage":{"@id":"https:\/\/www.inolians.com\/index.php\/conformite-des-donnees-en-assurance\/#primaryimage"},"image":{"@id":"https:\/\/www.inolians.com\/index.php\/conformite-des-donnees-en-assurance\/#primaryimage"},"thumbnailUrl":"https:\/\/www.inolians.com\/wp-content\/uploads\/2024\/09\/Capture-decran-2024-09-27-a-14.06.40-1.png","datePublished":"2024-05-29T09:35:54+00:00","dateModified":"2024-09-27T12:57:48+00:00","breadcrumb":{"@id":"https:\/\/www.inolians.com\/index.php\/conformite-des-donnees-en-assurance\/#breadcrumb"},"inLanguage":"fr-FR","potentialAction":[{"@type":"ReadAction","target":["https:\/\/www.inolians.com\/index.php\/conformite-des-donnees-en-assurance\/"]}]},{"@type":"ImageObject","inLanguage":"fr-FR","@id":"https:\/\/www.inolians.com\/index.php\/conformite-des-donnees-en-assurance\/#primaryimage","url":"https:\/\/www.inolians.com\/wp-content\/uploads\/2024\/09\/Capture-decran-2024-09-27-a-14.06.40-1.png","contentUrl":"https:\/\/www.inolians.com\/wp-content\/uploads\/2024\/09\/Capture-decran-2024-09-27-a-14.06.40-1.png","width":1710,"height":1016},{"@type":"BreadcrumbList","@id":"https:\/\/www.inolians.com\/index.php\/conformite-des-donnees-en-assurance\/#breadcrumb","itemListElement":[{"@type":"ListItem","position":1,"name":"Accueil","item":"https:\/\/www.inolians.com\/"},{"@type":"ListItem","position":2,"name":"Conformit\u00e9 des donn\u00e9es en assurance"}]},{"@type":"WebSite","@id":"https:\/\/www.inolians.com\/#website","url":"https:\/\/www.inolians.com\/","name":"INOLIANS","description":"Conseil op\u00e9rationnel | Gestion de projet | Solutions S.I","publisher":{"@id":"https:\/\/www.inolians.com\/#organization"},"potentialAction":[{"@type":"SearchAction","target":{"@type":"EntryPoint","urlTemplate":"https:\/\/www.inolians.com\/?s={search_term_string}"},"query-input":{"@type":"PropertyValueSpecification","valueRequired":true,"valueName":"search_term_string"}}],"inLanguage":"fr-FR"},{"@type":"Organization","@id":"https:\/\/www.inolians.com\/#organization","name":"INOLIANS","url":"https:\/\/www.inolians.com\/","logo":{"@type":"ImageObject","inLanguage":"fr-FR","@id":"https:\/\/www.inolians.com\/#\/schema\/logo\/image\/","url":"https:\/\/www.inolians.com\/wp-content\/uploads\/2024\/05\/LOGOS-INOLIANS12-1.png","contentUrl":"https:\/\/www.inolians.com\/wp-content\/uploads\/2024\/05\/LOGOS-INOLIANS12-1.png","width":990,"height":663,"caption":"INOLIANS"},"image":{"@id":"https:\/\/www.inolians.com\/#\/schema\/logo\/image\/"}}]}},"_links":{"self":[{"href":"https:\/\/www.inolians.com\/index.php\/wp-json\/wp\/v2\/pages\/5464","targetHints":{"allow":["GET"]}}],"collection":[{"href":"https:\/\/www.inolians.com\/index.php\/wp-json\/wp\/v2\/pages"}],"about":[{"href":"https:\/\/www.inolians.com\/index.php\/wp-json\/wp\/v2\/types\/page"}],"author":[{"embeddable":true,"href":"https:\/\/www.inolians.com\/index.php\/wp-json\/wp\/v2\/users\/1"}],"replies":[{"embeddable":true,"href":"https:\/\/www.inolians.com\/index.php\/wp-json\/wp\/v2\/comments?post=5464"}],"version-history":[{"count":34,"href":"https:\/\/www.inolians.com\/index.php\/wp-json\/wp\/v2\/pages\/5464\/revisions"}],"predecessor-version":[{"id":9713,"href":"https:\/\/www.inolians.com\/index.php\/wp-json\/wp\/v2\/pages\/5464\/revisions\/9713"}],"wp:attachment":[{"href":"https:\/\/www.inolians.com\/index.php\/wp-json\/wp\/v2\/media?parent=5464"}],"curies":[{"name":"wp","href":"https:\/\/api.w.org\/{rel}","templated":true}]}}