{"id":418,"date":"2024-02-01T08:49:51","date_gmt":"2024-02-01T08:49:51","guid":{"rendered":"https:\/\/themeholy.com\/wordpress\/fresh\/?page_id=418"},"modified":"2024-09-27T15:02:07","modified_gmt":"2024-09-27T13:02:07","slug":"strategie-et-gouvernance","status":"publish","type":"page","link":"https:\/\/www.inolians.com\/index.php\/strategie-et-gouvernance\/","title":{"rendered":"Strat\u00e9gie et gouvernance"},"content":{"rendered":"\t\t<div data-elementor-type=\"wp-page\" data-elementor-id=\"418\" class=\"elementor elementor-418\" data-elementor-post-type=\"page\">\n\t\t\t\t<div class=\"elementor-element elementor-element-cd5c6c1 e-flex e-con-boxed e-con e-parent\" data-id=\"cd5c6c1\" data-element_type=\"container\" data-e-type=\"container\" data-settings=\"{&quot;background_background&quot;:&quot;classic&quot;}\">\n\t\t\t\t\t<div class=\"e-con-inner\">\n\t\t<div class=\"elementor-element elementor-element-842fdc0 e-con-full e-flex e-con e-child\" data-id=\"842fdc0\" data-element_type=\"container\" data-e-type=\"container\" data-settings=\"{&quot;background_background&quot;:&quot;classic&quot;}\">\n\t\t\t\t<div class=\"elementor-element elementor-element-3b943ab elementor-widget elementor-widget-text-editor\" data-id=\"3b943ab\" data-element_type=\"widget\" data-e-type=\"widget\" data-widget_type=\"text-editor.default\">\n\t\t\t\t<div class=\"elementor-widget-container\">\n\t\t\t\t\t\t\t\t\t<p>NOS SERVICES\u00a0<\/p>\t\t\t\t\t\t\t\t<\/div>\n\t\t\t\t<\/div>\n\t\t\t\t<div class=\"elementor-element elementor-element-272d34f elementor-widget elementor-widget-heading\" data-id=\"272d34f\" data-element_type=\"widget\" data-e-type=\"widget\" data-widget_type=\"heading.default\">\n\t\t\t\t<div class=\"elementor-widget-container\">\n\t\t\t\t\t<h2 class=\"elementor-heading-title elementor-size-default\">Strat\u00e9gie, organisation et gouvernance<\/h2>\t\t\t\t<\/div>\n\t\t\t\t<\/div>\n\t\t\t\t<div class=\"elementor-element elementor-element-38b0f31 elementor-widget elementor-widget-text-editor\" data-id=\"38b0f31\" data-element_type=\"widget\" data-e-type=\"widget\" data-widget_type=\"text-editor.default\">\n\t\t\t\t<div class=\"elementor-widget-container\">\n\t\t\t\t\t\t\t\t\t<p>En s\u2019appuyant sur l\u2019exp\u00e9rience de ses consultants, INOLIANS accompagne ses clients dans le cadre de missions d\u2019audit ou de r\u00e9flexion strat\u00e9gique \/ sch\u00e9ma directeur :<br \/><br \/>L\u2019\u00e9volution et la transformation de leurs organisations, en particulier S.I.<br \/>La red\u00e9finition de leurs processus.<br \/>La d\u00e9finition d\u2019une strat\u00e9gie S.I ou globale, en coh\u00e9rence avec les enjeux strat\u00e9giques de l\u2019organisation, et formalis\u00e9e via un portefeuille de projetLa mise en oeuvre d\u2019une gouvernance adapt\u00e9e \u00e0 leurs sp\u00e9cificit\u00e9s.<br \/>\u2028<\/p>\t\t\t\t\t\t\t\t<\/div>\n\t\t\t\t<\/div>\n\t\t\t\t<\/div>\n\t\t<div class=\"elementor-element elementor-element-ac8ca8e e-con-full e-flex e-con e-child\" data-id=\"ac8ca8e\" data-element_type=\"container\" data-e-type=\"container\">\n\t\t\t\t<div class=\"elementor-element elementor-element-9e01802 elementor-widget elementor-widget-image\" data-id=\"9e01802\" data-element_type=\"widget\" data-e-type=\"widget\" data-widget_type=\"image.default\">\n\t\t\t\t<div class=\"elementor-widget-container\">\n\t\t\t\t\t\t\t\t\t\t\t\t\t\t\t<img fetchpriority=\"high\" decoding=\"async\" width=\"1024\" height=\"825\" src=\"https:\/\/www.inolians.com\/wp-content\/uploads\/2024\/09\/Capture-decran-2024-09-27-a-14.58.24-1024x825.png\" class=\"attachment-large size-large wp-image-9714\" alt=\"\" srcset=\"https:\/\/www.inolians.com\/wp-content\/uploads\/2024\/09\/Capture-decran-2024-09-27-a-14.58.24-1024x825.png 1024w, https:\/\/www.inolians.com\/wp-content\/uploads\/2024\/09\/Capture-decran-2024-09-27-a-14.58.24-300x242.png 300w, https:\/\/www.inolians.com\/wp-content\/uploads\/2024\/09\/Capture-decran-2024-09-27-a-14.58.24-768x619.png 768w, https:\/\/www.inolians.com\/wp-content\/uploads\/2024\/09\/Capture-decran-2024-09-27-a-14.58.24-600x483.png 600w, https:\/\/www.inolians.com\/wp-content\/uploads\/2024\/09\/Capture-decran-2024-09-27-a-14.58.24.png 1452w\" sizes=\"(max-width: 1024px) 100vw, 1024px\" \/>\t\t\t\t\t\t\t\t\t\t\t\t\t\t\t<\/div>\n\t\t\t\t<\/div>\n\t\t\t\t<\/div>\n\t\t\t\t\t<\/div>\n\t\t\t\t<\/div>\n\t\t\t\t<\/div>\n\t\t","protected":false},"excerpt":{"rendered":"<p>NOS SERVICES\u00a0 Strat\u00e9gie, organisation et gouvernance En s\u2019appuyant sur l\u2019exp\u00e9rience de ses consultants, INOLIANS accompagne ses clients dans le cadre de missions d\u2019audit ou de r\u00e9flexion strat\u00e9gique \/ sch\u00e9ma directeur : L\u2019\u00e9volution et la transformation de leurs organisations, en particulier S.I.La red\u00e9finition de leurs processus.La d\u00e9finition d\u2019une strat\u00e9gie S.I ou globale, en coh\u00e9rence avec les [&hellip;]<\/p>\n","protected":false},"author":1,"featured_media":0,"parent":0,"menu_order":0,"comment_status":"closed","ping_status":"closed","template":"","meta":{"_monsterinsights_skip_tracking":false,"_monsterinsights_sitenote_active":false,"_monsterinsights_sitenote_note":"","_monsterinsights_sitenote_category":0,"footnotes":""},"class_list":["post-418","page","type-page","status-publish","hentry"],"blocksy_meta":[],"yoast_head":"<!-- This site is optimized with the Yoast SEO plugin v27.5 - https:\/\/yoast.com\/product\/yoast-seo-wordpress\/ -->\n<title>Strat\u00e9gie et Gouvernance en Syst\u00e8mes d\u2019Information - SERVICES<\/title>\n<meta name=\"description\" content=\"D\u00e9couvrez comment INOLIANS accompagne ses clients avec expertise dans les missions d\u2019audit, de r\u00e9flexion strat\u00e9gique et de gouvernance en Syst\u00e8mes d\u2019Information. Red\u00e9finissez vos processus et strat\u00e9gies pour aligner vos objectifs avec les enjeux strat\u00e9giques de votre organisation.\" \/>\n<meta name=\"robots\" content=\"index, follow, max-snippet:-1, max-image-preview:large, max-video-preview:-1\" \/>\n<link rel=\"canonical\" href=\"https:\/\/www.inolians.com\/index.php\/strategie-et-gouvernance\/\" \/>\n<meta property=\"og:locale\" content=\"fr_FR\" \/>\n<meta property=\"og:type\" content=\"article\" \/>\n<meta property=\"og:title\" content=\"Strat\u00e9gie et Gouvernance en Syst\u00e8mes d\u2019Information - SERVICES\" \/>\n<meta property=\"og:description\" content=\"D\u00e9couvrez comment INOLIANS accompagne ses clients avec expertise dans les missions d\u2019audit, de r\u00e9flexion strat\u00e9gique et de gouvernance en Syst\u00e8mes d\u2019Information. Red\u00e9finissez vos processus et strat\u00e9gies pour aligner vos objectifs avec les enjeux strat\u00e9giques de votre organisation.\" \/>\n<meta property=\"og:url\" content=\"https:\/\/www.inolians.com\/index.php\/strategie-et-gouvernance\/\" \/>\n<meta property=\"og:site_name\" content=\"INOLIANS\" \/>\n<meta property=\"article:modified_time\" content=\"2024-09-27T13:02:07+00:00\" \/>\n<meta property=\"og:image\" content=\"https:\/\/www.inolians.com\/wp-content\/uploads\/2024\/09\/Capture-decran-2024-09-27-a-14.58.24-1024x825.png\" \/>\n<meta name=\"twitter:card\" content=\"summary_large_image\" \/>\n<meta name=\"twitter:label1\" content=\"Dur\u00e9e de lecture estim\u00e9e\" \/>\n\t<meta name=\"twitter:data1\" content=\"1 minute\" \/>\n<script type=\"application\/ld+json\" class=\"yoast-schema-graph\">{\"@context\":\"https:\\\/\\\/schema.org\",\"@graph\":[{\"@type\":\"WebPage\",\"@id\":\"https:\\\/\\\/www.inolians.com\\\/index.php\\\/strategie-et-gouvernance\\\/\",\"url\":\"https:\\\/\\\/www.inolians.com\\\/index.php\\\/strategie-et-gouvernance\\\/\",\"name\":\"Strat\u00e9gie et Gouvernance en Syst\u00e8mes d\u2019Information - SERVICES\",\"isPartOf\":{\"@id\":\"https:\\\/\\\/www.inolians.com\\\/#website\"},\"primaryImageOfPage\":{\"@id\":\"https:\\\/\\\/www.inolians.com\\\/index.php\\\/strategie-et-gouvernance\\\/#primaryimage\"},\"image\":{\"@id\":\"https:\\\/\\\/www.inolians.com\\\/index.php\\\/strategie-et-gouvernance\\\/#primaryimage\"},\"thumbnailUrl\":\"https:\\\/\\\/www.inolians.com\\\/wp-content\\\/uploads\\\/2024\\\/09\\\/Capture-decran-2024-09-27-a-14.58.24-1024x825.png\",\"datePublished\":\"2024-02-01T08:49:51+00:00\",\"dateModified\":\"2024-09-27T13:02:07+00:00\",\"description\":\"D\u00e9couvrez comment INOLIANS accompagne ses clients avec expertise dans les missions d\u2019audit, de r\u00e9flexion strat\u00e9gique et de gouvernance en Syst\u00e8mes d\u2019Information. Red\u00e9finissez vos processus et strat\u00e9gies pour aligner vos objectifs avec les enjeux strat\u00e9giques de votre organisation.\",\"breadcrumb\":{\"@id\":\"https:\\\/\\\/www.inolians.com\\\/index.php\\\/strategie-et-gouvernance\\\/#breadcrumb\"},\"inLanguage\":\"fr-FR\",\"potentialAction\":[{\"@type\":\"ReadAction\",\"target\":[\"https:\\\/\\\/www.inolians.com\\\/index.php\\\/strategie-et-gouvernance\\\/\"]}]},{\"@type\":\"ImageObject\",\"inLanguage\":\"fr-FR\",\"@id\":\"https:\\\/\\\/www.inolians.com\\\/index.php\\\/strategie-et-gouvernance\\\/#primaryimage\",\"url\":\"https:\\\/\\\/www.inolians.com\\\/wp-content\\\/uploads\\\/2024\\\/09\\\/Capture-decran-2024-09-27-a-14.58.24.png\",\"contentUrl\":\"https:\\\/\\\/www.inolians.com\\\/wp-content\\\/uploads\\\/2024\\\/09\\\/Capture-decran-2024-09-27-a-14.58.24.png\",\"width\":1452,\"height\":1170},{\"@type\":\"BreadcrumbList\",\"@id\":\"https:\\\/\\\/www.inolians.com\\\/index.php\\\/strategie-et-gouvernance\\\/#breadcrumb\",\"itemListElement\":[{\"@type\":\"ListItem\",\"position\":1,\"name\":\"Accueil\",\"item\":\"https:\\\/\\\/www.inolians.com\\\/\"},{\"@type\":\"ListItem\",\"position\":2,\"name\":\"Strat\u00e9gie et gouvernance\"}]},{\"@type\":\"WebSite\",\"@id\":\"https:\\\/\\\/www.inolians.com\\\/#website\",\"url\":\"https:\\\/\\\/www.inolians.com\\\/\",\"name\":\"INOLIANS\",\"description\":\"Conseil op\u00e9rationnel | Gestion de projet | Solutions S.I\",\"publisher\":{\"@id\":\"https:\\\/\\\/www.inolians.com\\\/#organization\"},\"potentialAction\":[{\"@type\":\"SearchAction\",\"target\":{\"@type\":\"EntryPoint\",\"urlTemplate\":\"https:\\\/\\\/www.inolians.com\\\/?s={search_term_string}\"},\"query-input\":{\"@type\":\"PropertyValueSpecification\",\"valueRequired\":true,\"valueName\":\"search_term_string\"}}],\"inLanguage\":\"fr-FR\"},{\"@type\":\"Organization\",\"@id\":\"https:\\\/\\\/www.inolians.com\\\/#organization\",\"name\":\"INOLIANS\",\"url\":\"https:\\\/\\\/www.inolians.com\\\/\",\"logo\":{\"@type\":\"ImageObject\",\"inLanguage\":\"fr-FR\",\"@id\":\"https:\\\/\\\/www.inolians.com\\\/#\\\/schema\\\/logo\\\/image\\\/\",\"url\":\"https:\\\/\\\/www.inolians.com\\\/wp-content\\\/uploads\\\/2024\\\/05\\\/LOGOS-INOLIANS12-1.png\",\"contentUrl\":\"https:\\\/\\\/www.inolians.com\\\/wp-content\\\/uploads\\\/2024\\\/05\\\/LOGOS-INOLIANS12-1.png\",\"width\":990,\"height\":663,\"caption\":\"INOLIANS\"},\"image\":{\"@id\":\"https:\\\/\\\/www.inolians.com\\\/#\\\/schema\\\/logo\\\/image\\\/\"}}]}<\/script>\n<!-- \/ Yoast SEO plugin. -->","yoast_head_json":{"title":"Strat\u00e9gie et Gouvernance en Syst\u00e8mes d\u2019Information - SERVICES","description":"D\u00e9couvrez comment INOLIANS accompagne ses clients avec expertise dans les missions d\u2019audit, de r\u00e9flexion strat\u00e9gique et de gouvernance en Syst\u00e8mes d\u2019Information. Red\u00e9finissez vos processus et strat\u00e9gies pour aligner vos objectifs avec les enjeux strat\u00e9giques de votre organisation.","robots":{"index":"index","follow":"follow","max-snippet":"max-snippet:-1","max-image-preview":"max-image-preview:large","max-video-preview":"max-video-preview:-1"},"canonical":"https:\/\/www.inolians.com\/index.php\/strategie-et-gouvernance\/","og_locale":"fr_FR","og_type":"article","og_title":"Strat\u00e9gie et Gouvernance en Syst\u00e8mes d\u2019Information - SERVICES","og_description":"D\u00e9couvrez comment INOLIANS accompagne ses clients avec expertise dans les missions d\u2019audit, de r\u00e9flexion strat\u00e9gique et de gouvernance en Syst\u00e8mes d\u2019Information. Red\u00e9finissez vos processus et strat\u00e9gies pour aligner vos objectifs avec les enjeux strat\u00e9giques de votre organisation.","og_url":"https:\/\/www.inolians.com\/index.php\/strategie-et-gouvernance\/","og_site_name":"INOLIANS","article_modified_time":"2024-09-27T13:02:07+00:00","og_image":[{"url":"https:\/\/www.inolians.com\/wp-content\/uploads\/2024\/09\/Capture-decran-2024-09-27-a-14.58.24-1024x825.png","type":"","width":"","height":""}],"twitter_card":"summary_large_image","twitter_misc":{"Dur\u00e9e de lecture estim\u00e9e":"1 minute"},"schema":{"@context":"https:\/\/schema.org","@graph":[{"@type":"WebPage","@id":"https:\/\/www.inolians.com\/index.php\/strategie-et-gouvernance\/","url":"https:\/\/www.inolians.com\/index.php\/strategie-et-gouvernance\/","name":"Strat\u00e9gie et Gouvernance en Syst\u00e8mes d\u2019Information - SERVICES","isPartOf":{"@id":"https:\/\/www.inolians.com\/#website"},"primaryImageOfPage":{"@id":"https:\/\/www.inolians.com\/index.php\/strategie-et-gouvernance\/#primaryimage"},"image":{"@id":"https:\/\/www.inolians.com\/index.php\/strategie-et-gouvernance\/#primaryimage"},"thumbnailUrl":"https:\/\/www.inolians.com\/wp-content\/uploads\/2024\/09\/Capture-decran-2024-09-27-a-14.58.24-1024x825.png","datePublished":"2024-02-01T08:49:51+00:00","dateModified":"2024-09-27T13:02:07+00:00","description":"D\u00e9couvrez comment INOLIANS accompagne ses clients avec expertise dans les missions d\u2019audit, de r\u00e9flexion strat\u00e9gique et de gouvernance en Syst\u00e8mes d\u2019Information. Red\u00e9finissez vos processus et strat\u00e9gies pour aligner vos objectifs avec les enjeux strat\u00e9giques de votre organisation.","breadcrumb":{"@id":"https:\/\/www.inolians.com\/index.php\/strategie-et-gouvernance\/#breadcrumb"},"inLanguage":"fr-FR","potentialAction":[{"@type":"ReadAction","target":["https:\/\/www.inolians.com\/index.php\/strategie-et-gouvernance\/"]}]},{"@type":"ImageObject","inLanguage":"fr-FR","@id":"https:\/\/www.inolians.com\/index.php\/strategie-et-gouvernance\/#primaryimage","url":"https:\/\/www.inolians.com\/wp-content\/uploads\/2024\/09\/Capture-decran-2024-09-27-a-14.58.24.png","contentUrl":"https:\/\/www.inolians.com\/wp-content\/uploads\/2024\/09\/Capture-decran-2024-09-27-a-14.58.24.png","width":1452,"height":1170},{"@type":"BreadcrumbList","@id":"https:\/\/www.inolians.com\/index.php\/strategie-et-gouvernance\/#breadcrumb","itemListElement":[{"@type":"ListItem","position":1,"name":"Accueil","item":"https:\/\/www.inolians.com\/"},{"@type":"ListItem","position":2,"name":"Strat\u00e9gie et gouvernance"}]},{"@type":"WebSite","@id":"https:\/\/www.inolians.com\/#website","url":"https:\/\/www.inolians.com\/","name":"INOLIANS","description":"Conseil op\u00e9rationnel | Gestion de projet | Solutions S.I","publisher":{"@id":"https:\/\/www.inolians.com\/#organization"},"potentialAction":[{"@type":"SearchAction","target":{"@type":"EntryPoint","urlTemplate":"https:\/\/www.inolians.com\/?s={search_term_string}"},"query-input":{"@type":"PropertyValueSpecification","valueRequired":true,"valueName":"search_term_string"}}],"inLanguage":"fr-FR"},{"@type":"Organization","@id":"https:\/\/www.inolians.com\/#organization","name":"INOLIANS","url":"https:\/\/www.inolians.com\/","logo":{"@type":"ImageObject","inLanguage":"fr-FR","@id":"https:\/\/www.inolians.com\/#\/schema\/logo\/image\/","url":"https:\/\/www.inolians.com\/wp-content\/uploads\/2024\/05\/LOGOS-INOLIANS12-1.png","contentUrl":"https:\/\/www.inolians.com\/wp-content\/uploads\/2024\/05\/LOGOS-INOLIANS12-1.png","width":990,"height":663,"caption":"INOLIANS"},"image":{"@id":"https:\/\/www.inolians.com\/#\/schema\/logo\/image\/"}}]}},"_links":{"self":[{"href":"https:\/\/www.inolians.com\/index.php\/wp-json\/wp\/v2\/pages\/418","targetHints":{"allow":["GET"]}}],"collection":[{"href":"https:\/\/www.inolians.com\/index.php\/wp-json\/wp\/v2\/pages"}],"about":[{"href":"https:\/\/www.inolians.com\/index.php\/wp-json\/wp\/v2\/types\/page"}],"author":[{"embeddable":true,"href":"https:\/\/www.inolians.com\/index.php\/wp-json\/wp\/v2\/users\/1"}],"replies":[{"embeddable":true,"href":"https:\/\/www.inolians.com\/index.php\/wp-json\/wp\/v2\/comments?post=418"}],"version-history":[{"count":104,"href":"https:\/\/www.inolians.com\/index.php\/wp-json\/wp\/v2\/pages\/418\/revisions"}],"predecessor-version":[{"id":9717,"href":"https:\/\/www.inolians.com\/index.php\/wp-json\/wp\/v2\/pages\/418\/revisions\/9717"}],"wp:attachment":[{"href":"https:\/\/www.inolians.com\/index.php\/wp-json\/wp\/v2\/media?parent=418"}],"curies":[{"name":"wp","href":"https:\/\/api.w.org\/{rel}","templated":true}]}}