{"id":220,"date":"2024-01-31T08:09:14","date_gmt":"2024-01-31T08:09:14","guid":{"rendered":"https:\/\/themeholy.com\/wordpress\/fresh\/?page_id=220"},"modified":"2024-09-27T15:04:44","modified_gmt":"2024-09-27T13:04:44","slug":"conseil-operationnel","status":"publish","type":"page","link":"https:\/\/www.inolians.com\/index.php\/conseil-operationnel\/","title":{"rendered":"Conseil op\u00e9rationnel"},"content":{"rendered":"\t\t<div data-elementor-type=\"wp-page\" data-elementor-id=\"220\" class=\"elementor elementor-220\" data-elementor-post-type=\"page\">\n\t\t\t\t<div class=\"elementor-element elementor-element-0f7828f e-flex e-con-boxed e-con e-parent\" data-id=\"0f7828f\" data-element_type=\"container\" data-e-type=\"container\">\n\t\t\t\t\t<div class=\"e-con-inner\">\n\t\t<div class=\"elementor-element elementor-element-60e6bb4 e-con-full e-flex e-con e-child\" data-id=\"60e6bb4\" data-element_type=\"container\" data-e-type=\"container\" data-settings=\"{&quot;background_background&quot;:&quot;classic&quot;}\">\n\t\t\t\t<div class=\"elementor-element elementor-element-04e797c elementor-widget elementor-widget-text-editor\" data-id=\"04e797c\" data-element_type=\"widget\" data-e-type=\"widget\" data-widget_type=\"text-editor.default\">\n\t\t\t\t<div class=\"elementor-widget-container\">\n\t\t\t\t\t\t\t\t\t<p>NOS SERVICES\u00a0<\/p>\t\t\t\t\t\t\t\t<\/div>\n\t\t\t\t<\/div>\n\t\t\t\t<div class=\"elementor-element elementor-element-67a51d2 elementor-widget elementor-widget-heading\" data-id=\"67a51d2\" data-element_type=\"widget\" data-e-type=\"widget\" data-widget_type=\"heading.default\">\n\t\t\t\t<div class=\"elementor-widget-container\">\n\t\t\t\t\t<h2 class=\"elementor-heading-title elementor-size-default\">Conseil op\u00e9rationnel<\/h2>\t\t\t\t<\/div>\n\t\t\t\t<\/div>\n\t\t\t\t<div class=\"elementor-element elementor-element-33c3667 elementor-widget elementor-widget-text-editor\" data-id=\"33c3667\" data-element_type=\"widget\" data-e-type=\"widget\" data-widget_type=\"text-editor.default\">\n\t\t\t\t<div class=\"elementor-widget-container\">\n\t\t\t\t\t\t\t\t\t<p>INOLIANS accompagne ses clients sur tout type de prestation de conseil op\u00e9rationnel en Syst\u00e8me d\u2019Information (Assistance \u00e0 ma\u00eetrise d\u2019ouvrage, prototypage, Audit, Assistance au choix de solution \/ prestataire, Expertise technique, Accompagnement m\u00e9tier,\u2026).<\/p>\t\t\t\t\t\t\t\t<\/div>\n\t\t\t\t<\/div>\n\t\t\t\t<\/div>\n\t\t<div class=\"elementor-element elementor-element-d87d7d4 e-con-full e-flex e-con e-child\" data-id=\"d87d7d4\" data-element_type=\"container\" data-e-type=\"container\">\n\t\t\t\t<div class=\"elementor-element elementor-element-e597069 elementor-widget elementor-widget-image\" data-id=\"e597069\" data-element_type=\"widget\" data-e-type=\"widget\" data-widget_type=\"image.default\">\n\t\t\t\t<div class=\"elementor-widget-container\">\n\t\t\t\t\t\t\t\t\t\t\t\t\t\t\t<img fetchpriority=\"high\" decoding=\"async\" width=\"1024\" height=\"804\" src=\"https:\/\/www.inolians.com\/wp-content\/uploads\/2024\/09\/Capture-decran-2024-09-27-a-14.54.48-1024x804.png\" class=\"attachment-large size-large wp-image-9707\" alt=\"\" srcset=\"https:\/\/www.inolians.com\/wp-content\/uploads\/2024\/09\/Capture-decran-2024-09-27-a-14.54.48-1024x804.png 1024w, https:\/\/www.inolians.com\/wp-content\/uploads\/2024\/09\/Capture-decran-2024-09-27-a-14.54.48-300x236.png 300w, https:\/\/www.inolians.com\/wp-content\/uploads\/2024\/09\/Capture-decran-2024-09-27-a-14.54.48-768x603.png 768w, https:\/\/www.inolians.com\/wp-content\/uploads\/2024\/09\/Capture-decran-2024-09-27-a-14.54.48-600x471.png 600w, https:\/\/www.inolians.com\/wp-content\/uploads\/2024\/09\/Capture-decran-2024-09-27-a-14.54.48.png 1238w\" sizes=\"(max-width: 1024px) 100vw, 1024px\" \/>\t\t\t\t\t\t\t\t\t\t\t\t\t\t\t<\/div>\n\t\t\t\t<\/div>\n\t\t\t\t<\/div>\n\t\t\t\t\t<\/div>\n\t\t\t\t<\/div>\n\t\t<div class=\"elementor-element elementor-element-e37fff1 e-flex e-con-boxed e-con e-parent\" data-id=\"e37fff1\" data-element_type=\"container\" data-e-type=\"container\">\n\t\t\t\t\t<div class=\"e-con-inner\">\n\t\t\t\t<div class=\"elementor-element elementor-element-7111206 elementor-widget elementor-widget-image\" data-id=\"7111206\" data-element_type=\"widget\" data-e-type=\"widget\" data-widget_type=\"image.default\">\n\t\t\t\t<div class=\"elementor-widget-container\">\n\t\t\t\t\t\t\t\t\t\t\t\t\t\t\t<img decoding=\"async\" width=\"1024\" height=\"617\" src=\"https:\/\/www.inolians.com\/wp-content\/uploads\/2024\/09\/Capture-decran-2024-09-27-a-15.04.08-1024x617.png\" class=\"attachment-large size-large wp-image-9718\" alt=\"\" srcset=\"https:\/\/www.inolians.com\/wp-content\/uploads\/2024\/09\/Capture-decran-2024-09-27-a-15.04.08-1024x617.png 1024w, https:\/\/www.inolians.com\/wp-content\/uploads\/2024\/09\/Capture-decran-2024-09-27-a-15.04.08-300x181.png 300w, https:\/\/www.inolians.com\/wp-content\/uploads\/2024\/09\/Capture-decran-2024-09-27-a-15.04.08-768x463.png 768w, https:\/\/www.inolians.com\/wp-content\/uploads\/2024\/09\/Capture-decran-2024-09-27-a-15.04.08-600x362.png 600w, https:\/\/www.inolians.com\/wp-content\/uploads\/2024\/09\/Capture-decran-2024-09-27-a-15.04.08.png 1234w\" sizes=\"(max-width: 1024px) 100vw, 1024px\" \/>\t\t\t\t\t\t\t\t\t\t\t\t\t\t\t<\/div>\n\t\t\t\t<\/div>\n\t\t\t\t\t<\/div>\n\t\t\t\t<\/div>\n\t\t\t\t<\/div>\n\t\t","protected":false},"excerpt":{"rendered":"<p>NOS SERVICES\u00a0 Conseil op\u00e9rationnel INOLIANS accompagne ses clients sur tout type de prestation de conseil op\u00e9rationnel en Syst\u00e8me d\u2019Information (Assistance \u00e0 ma\u00eetrise d\u2019ouvrage, prototypage, Audit, Assistance au choix de solution \/ prestataire, Expertise technique, Accompagnement m\u00e9tier,\u2026).<\/p>\n","protected":false},"author":1,"featured_media":0,"parent":0,"menu_order":0,"comment_status":"closed","ping_status":"closed","template":"","meta":{"_monsterinsights_skip_tracking":false,"_monsterinsights_sitenote_active":false,"_monsterinsights_sitenote_note":"","_monsterinsights_sitenote_category":0,"footnotes":""},"class_list":["post-220","page","type-page","status-publish","hentry"],"blocksy_meta":[],"yoast_head":"<!-- This site is optimized with the Yoast SEO plugin v27.5 - https:\/\/yoast.com\/product\/yoast-seo-wordpress\/ -->\n<title>Conseil Op\u00e9rationnel en Syst\u00e8mes d\u2019Information - INOLIANS<\/title>\n<meta name=\"description\" content=\"INOLIANS propose un accompagnement complet en conseil op\u00e9rationnel en SI : AMOA, prototypage, audit, s\u00e9lection de solutions, et expertise technique.\" \/>\n<meta name=\"robots\" content=\"index, follow, max-snippet:-1, max-image-preview:large, max-video-preview:-1\" \/>\n<link rel=\"canonical\" href=\"https:\/\/www.inolians.com\/index.php\/conseil-operationnel\/\" \/>\n<meta property=\"og:locale\" content=\"fr_FR\" \/>\n<meta property=\"og:type\" content=\"article\" \/>\n<meta property=\"og:title\" content=\"Conseil Op\u00e9rationnel en Syst\u00e8mes d\u2019Information - INOLIANS\" \/>\n<meta property=\"og:description\" content=\"INOLIANS propose un accompagnement complet en conseil op\u00e9rationnel en SI : AMOA, prototypage, audit, s\u00e9lection de solutions, et expertise technique.\" \/>\n<meta property=\"og:url\" content=\"https:\/\/www.inolians.com\/index.php\/conseil-operationnel\/\" \/>\n<meta property=\"og:site_name\" content=\"INOLIANS\" \/>\n<meta property=\"article:modified_time\" content=\"2024-09-27T13:04:44+00:00\" \/>\n<meta property=\"og:image\" content=\"https:\/\/www.inolians.com\/wp-content\/uploads\/2024\/09\/Capture-decran-2024-09-27-a-14.54.48-1024x804.png\" \/>\n<meta name=\"twitter:card\" content=\"summary_large_image\" \/>\n<meta name=\"twitter:label1\" content=\"Dur\u00e9e de lecture estim\u00e9e\" \/>\n\t<meta name=\"twitter:data1\" content=\"1 minute\" \/>\n<script type=\"application\/ld+json\" class=\"yoast-schema-graph\">{\"@context\":\"https:\\\/\\\/schema.org\",\"@graph\":[{\"@type\":\"WebPage\",\"@id\":\"https:\\\/\\\/www.inolians.com\\\/index.php\\\/conseil-operationnel\\\/\",\"url\":\"https:\\\/\\\/www.inolians.com\\\/index.php\\\/conseil-operationnel\\\/\",\"name\":\"Conseil Op\u00e9rationnel en Syst\u00e8mes d\u2019Information - INOLIANS\",\"isPartOf\":{\"@id\":\"https:\\\/\\\/www.inolians.com\\\/#website\"},\"primaryImageOfPage\":{\"@id\":\"https:\\\/\\\/www.inolians.com\\\/index.php\\\/conseil-operationnel\\\/#primaryimage\"},\"image\":{\"@id\":\"https:\\\/\\\/www.inolians.com\\\/index.php\\\/conseil-operationnel\\\/#primaryimage\"},\"thumbnailUrl\":\"https:\\\/\\\/www.inolians.com\\\/wp-content\\\/uploads\\\/2024\\\/09\\\/Capture-decran-2024-09-27-a-14.54.48-1024x804.png\",\"datePublished\":\"2024-01-31T08:09:14+00:00\",\"dateModified\":\"2024-09-27T13:04:44+00:00\",\"description\":\"INOLIANS propose un accompagnement complet en conseil op\u00e9rationnel en SI : AMOA, prototypage, audit, s\u00e9lection de solutions, et expertise technique.\",\"breadcrumb\":{\"@id\":\"https:\\\/\\\/www.inolians.com\\\/index.php\\\/conseil-operationnel\\\/#breadcrumb\"},\"inLanguage\":\"fr-FR\",\"potentialAction\":[{\"@type\":\"ReadAction\",\"target\":[\"https:\\\/\\\/www.inolians.com\\\/index.php\\\/conseil-operationnel\\\/\"]}]},{\"@type\":\"ImageObject\",\"inLanguage\":\"fr-FR\",\"@id\":\"https:\\\/\\\/www.inolians.com\\\/index.php\\\/conseil-operationnel\\\/#primaryimage\",\"url\":\"https:\\\/\\\/www.inolians.com\\\/wp-content\\\/uploads\\\/2024\\\/09\\\/Capture-decran-2024-09-27-a-14.54.48.png\",\"contentUrl\":\"https:\\\/\\\/www.inolians.com\\\/wp-content\\\/uploads\\\/2024\\\/09\\\/Capture-decran-2024-09-27-a-14.54.48.png\",\"width\":1238,\"height\":972},{\"@type\":\"BreadcrumbList\",\"@id\":\"https:\\\/\\\/www.inolians.com\\\/index.php\\\/conseil-operationnel\\\/#breadcrumb\",\"itemListElement\":[{\"@type\":\"ListItem\",\"position\":1,\"name\":\"Accueil\",\"item\":\"https:\\\/\\\/www.inolians.com\\\/\"},{\"@type\":\"ListItem\",\"position\":2,\"name\":\"Conseil op\u00e9rationnel\"}]},{\"@type\":\"WebSite\",\"@id\":\"https:\\\/\\\/www.inolians.com\\\/#website\",\"url\":\"https:\\\/\\\/www.inolians.com\\\/\",\"name\":\"INOLIANS\",\"description\":\"Conseil op\u00e9rationnel | Gestion de projet | Solutions S.I\",\"publisher\":{\"@id\":\"https:\\\/\\\/www.inolians.com\\\/#organization\"},\"potentialAction\":[{\"@type\":\"SearchAction\",\"target\":{\"@type\":\"EntryPoint\",\"urlTemplate\":\"https:\\\/\\\/www.inolians.com\\\/?s={search_term_string}\"},\"query-input\":{\"@type\":\"PropertyValueSpecification\",\"valueRequired\":true,\"valueName\":\"search_term_string\"}}],\"inLanguage\":\"fr-FR\"},{\"@type\":\"Organization\",\"@id\":\"https:\\\/\\\/www.inolians.com\\\/#organization\",\"name\":\"INOLIANS\",\"url\":\"https:\\\/\\\/www.inolians.com\\\/\",\"logo\":{\"@type\":\"ImageObject\",\"inLanguage\":\"fr-FR\",\"@id\":\"https:\\\/\\\/www.inolians.com\\\/#\\\/schema\\\/logo\\\/image\\\/\",\"url\":\"https:\\\/\\\/www.inolians.com\\\/wp-content\\\/uploads\\\/2024\\\/05\\\/LOGOS-INOLIANS12-1.png\",\"contentUrl\":\"https:\\\/\\\/www.inolians.com\\\/wp-content\\\/uploads\\\/2024\\\/05\\\/LOGOS-INOLIANS12-1.png\",\"width\":990,\"height\":663,\"caption\":\"INOLIANS\"},\"image\":{\"@id\":\"https:\\\/\\\/www.inolians.com\\\/#\\\/schema\\\/logo\\\/image\\\/\"}}]}<\/script>\n<!-- \/ Yoast SEO plugin. -->","yoast_head_json":{"title":"Conseil Op\u00e9rationnel en Syst\u00e8mes d\u2019Information - INOLIANS","description":"INOLIANS propose un accompagnement complet en conseil op\u00e9rationnel en SI : AMOA, prototypage, audit, s\u00e9lection de solutions, et expertise technique.","robots":{"index":"index","follow":"follow","max-snippet":"max-snippet:-1","max-image-preview":"max-image-preview:large","max-video-preview":"max-video-preview:-1"},"canonical":"https:\/\/www.inolians.com\/index.php\/conseil-operationnel\/","og_locale":"fr_FR","og_type":"article","og_title":"Conseil Op\u00e9rationnel en Syst\u00e8mes d\u2019Information - INOLIANS","og_description":"INOLIANS propose un accompagnement complet en conseil op\u00e9rationnel en SI : AMOA, prototypage, audit, s\u00e9lection de solutions, et expertise technique.","og_url":"https:\/\/www.inolians.com\/index.php\/conseil-operationnel\/","og_site_name":"INOLIANS","article_modified_time":"2024-09-27T13:04:44+00:00","og_image":[{"url":"https:\/\/www.inolians.com\/wp-content\/uploads\/2024\/09\/Capture-decran-2024-09-27-a-14.54.48-1024x804.png","type":"","width":"","height":""}],"twitter_card":"summary_large_image","twitter_misc":{"Dur\u00e9e de lecture estim\u00e9e":"1 minute"},"schema":{"@context":"https:\/\/schema.org","@graph":[{"@type":"WebPage","@id":"https:\/\/www.inolians.com\/index.php\/conseil-operationnel\/","url":"https:\/\/www.inolians.com\/index.php\/conseil-operationnel\/","name":"Conseil Op\u00e9rationnel en Syst\u00e8mes d\u2019Information - INOLIANS","isPartOf":{"@id":"https:\/\/www.inolians.com\/#website"},"primaryImageOfPage":{"@id":"https:\/\/www.inolians.com\/index.php\/conseil-operationnel\/#primaryimage"},"image":{"@id":"https:\/\/www.inolians.com\/index.php\/conseil-operationnel\/#primaryimage"},"thumbnailUrl":"https:\/\/www.inolians.com\/wp-content\/uploads\/2024\/09\/Capture-decran-2024-09-27-a-14.54.48-1024x804.png","datePublished":"2024-01-31T08:09:14+00:00","dateModified":"2024-09-27T13:04:44+00:00","description":"INOLIANS propose un accompagnement complet en conseil op\u00e9rationnel en SI : AMOA, prototypage, audit, s\u00e9lection de solutions, et expertise technique.","breadcrumb":{"@id":"https:\/\/www.inolians.com\/index.php\/conseil-operationnel\/#breadcrumb"},"inLanguage":"fr-FR","potentialAction":[{"@type":"ReadAction","target":["https:\/\/www.inolians.com\/index.php\/conseil-operationnel\/"]}]},{"@type":"ImageObject","inLanguage":"fr-FR","@id":"https:\/\/www.inolians.com\/index.php\/conseil-operationnel\/#primaryimage","url":"https:\/\/www.inolians.com\/wp-content\/uploads\/2024\/09\/Capture-decran-2024-09-27-a-14.54.48.png","contentUrl":"https:\/\/www.inolians.com\/wp-content\/uploads\/2024\/09\/Capture-decran-2024-09-27-a-14.54.48.png","width":1238,"height":972},{"@type":"BreadcrumbList","@id":"https:\/\/www.inolians.com\/index.php\/conseil-operationnel\/#breadcrumb","itemListElement":[{"@type":"ListItem","position":1,"name":"Accueil","item":"https:\/\/www.inolians.com\/"},{"@type":"ListItem","position":2,"name":"Conseil op\u00e9rationnel"}]},{"@type":"WebSite","@id":"https:\/\/www.inolians.com\/#website","url":"https:\/\/www.inolians.com\/","name":"INOLIANS","description":"Conseil op\u00e9rationnel | Gestion de projet | Solutions S.I","publisher":{"@id":"https:\/\/www.inolians.com\/#organization"},"potentialAction":[{"@type":"SearchAction","target":{"@type":"EntryPoint","urlTemplate":"https:\/\/www.inolians.com\/?s={search_term_string}"},"query-input":{"@type":"PropertyValueSpecification","valueRequired":true,"valueName":"search_term_string"}}],"inLanguage":"fr-FR"},{"@type":"Organization","@id":"https:\/\/www.inolians.com\/#organization","name":"INOLIANS","url":"https:\/\/www.inolians.com\/","logo":{"@type":"ImageObject","inLanguage":"fr-FR","@id":"https:\/\/www.inolians.com\/#\/schema\/logo\/image\/","url":"https:\/\/www.inolians.com\/wp-content\/uploads\/2024\/05\/LOGOS-INOLIANS12-1.png","contentUrl":"https:\/\/www.inolians.com\/wp-content\/uploads\/2024\/05\/LOGOS-INOLIANS12-1.png","width":990,"height":663,"caption":"INOLIANS"},"image":{"@id":"https:\/\/www.inolians.com\/#\/schema\/logo\/image\/"}}]}},"_links":{"self":[{"href":"https:\/\/www.inolians.com\/index.php\/wp-json\/wp\/v2\/pages\/220","targetHints":{"allow":["GET"]}}],"collection":[{"href":"https:\/\/www.inolians.com\/index.php\/wp-json\/wp\/v2\/pages"}],"about":[{"href":"https:\/\/www.inolians.com\/index.php\/wp-json\/wp\/v2\/types\/page"}],"author":[{"embeddable":true,"href":"https:\/\/www.inolians.com\/index.php\/wp-json\/wp\/v2\/users\/1"}],"replies":[{"embeddable":true,"href":"https:\/\/www.inolians.com\/index.php\/wp-json\/wp\/v2\/comments?post=220"}],"version-history":[{"count":106,"href":"https:\/\/www.inolians.com\/index.php\/wp-json\/wp\/v2\/pages\/220\/revisions"}],"predecessor-version":[{"id":9721,"href":"https:\/\/www.inolians.com\/index.php\/wp-json\/wp\/v2\/pages\/220\/revisions\/9721"}],"wp:attachment":[{"href":"https:\/\/www.inolians.com\/index.php\/wp-json\/wp\/v2\/media?parent=220"}],"curies":[{"name":"wp","href":"https:\/\/api.w.org\/{rel}","templated":true}]}}